{"id":124,"date":"2018-09-19T21:23:44","date_gmt":"2018-09-19T19:23:44","guid":{"rendered":"https:\/\/timebuzzer.com\/legal\/agb\/"},"modified":"2025-02-19T15:32:28","modified_gmt":"2025-02-19T14:32:28","slug":"agb","status":"publish","type":"page","link":"https:\/\/timebuzzer.com\/de\/agb\/","title":{"rendered":"Allgemeine Gesch\u00e4ftsbedingungen"},"content":{"rendered":"\t\t<div data-elementor-type=\"wp-page\" data-elementor-id=\"124\" class=\"elementor elementor-124 elementor-58\" data-elementor-post-type=\"page\">\n\t\t\t\t<div class=\"elementor-element elementor-element-9be98ed e-flex e-con-boxed e-con e-parent\" data-id=\"9be98ed\" data-element_type=\"container\" data-e-type=\"container\">\n\t\t\t\t\t<div class=\"e-con-inner\">\n\t\t\t\t<div class=\"elementor-element elementor-element-0b49c29 elementor-widget elementor-widget-heading\" data-id=\"0b49c29\" data-element_type=\"widget\" data-e-type=\"widget\" data-widget_type=\"heading.default\">\n\t\t\t\t<div class=\"elementor-widget-container\">\n\t\t\t\t\t<h1 class=\"elementor-heading-title elementor-size-default\">AGB<\/h1>\t\t\t\t<\/div>\n\t\t\t\t<\/div>\n\t\t\t\t<div class=\"elementor-element elementor-element-e0ea7ae elementor-widget elementor-widget-text-editor\" data-id=\"e0ea7ae\" data-element_type=\"widget\" data-e-type=\"widget\" data-widget_type=\"text-editor.default\">\n\t\t\t\t<div class=\"elementor-widget-container\">\n\t\t\t\t\t\t\t\t\t<p>Allgemeine Gesch\u00e4ftsbedingungen der timeBuzzer GmbH.<\/p>\t\t\t\t\t\t\t\t<\/div>\n\t\t\t\t<\/div>\n\t\t\t\t<div class=\"elementor-element elementor-element-c1c44cc elementor-widget elementor-widget-text-editor\" data-id=\"c1c44cc\" data-element_type=\"widget\" data-e-type=\"widget\" data-widget_type=\"text-editor.default\">\n\t\t\t\t<div class=\"elementor-widget-container\">\n\t\t\t\t\t\t\t\t\t<p>Vertragsbedingungen im Rahmen von Kaufvertr\u00e4gen die \u00fcber die Plattform https:\/\/www.timebuzzer.com<\/p><p>zwischen<\/p><p>timeBuzzer GmbH<br \/>Bruchwiesenstra\u00dfe 2<br \/>66111 Saarbr\u00fccken<\/p><p>Tel: +49 681 4046 9558<\/p><p>Eingetragen im Handelsregister des Amtsgerichts Kassel: HRB17062<br \/>Vertreten durch Felix Bopp, Patrick Ruh.<br \/>USt.-Identifikationsnummer: DE307990285<\/p><p>\u2013 im Folgenden \u201eAnbieter\u201c \u2013<\/p><p>und<\/p><p>den in \u00a7 2 dieser AGB bezeichneten Nutzern dieser Plattform \u2013 im Folgenden \u201eKunde\/Kunden\u201c \u2013 geschlossen werden.<\/p><h2>\u00a7 1 Geltungsbereich, Begriffsbestimmungen<\/h2><p>(1) F\u00fcr die Gesch\u00e4ftsbeziehung zwischen dem Anbieter und dem Kunden gelten ausschlie\u00dflich die nachfolgenden Allgemeinen Gesch\u00e4ftsbedingungen in ihrer zum Zeitpunkt der Bestellung g\u00fcltigen Fassung. Abweichende Bedingungen des Kunden werden nicht anerkannt, es sei denn, der Anbieter stimmt ihrer Geltung ausdr\u00fccklich schriftlich zu.<\/p><p>(2) F\u00fcr den Verkauf digitaler Produkte gelten die aus der Produktbeschreibung ersichtlichen oder sich sonst aus den Umst\u00e4nden ergebenden Beschr\u00e4nkungen insbesondere den digitalen Produkten beigef\u00fcgte Lizenzierungsvereinbarungen. Im Zweifesfall ist nur die gewerbliche Nutzung ohne das Recht zur Weiterver\u00e4u\u00dferung oder Unterlizensierung gew\u00e4hrt.<\/p><h2>\u00a7 2 Vertragsschluss<\/h2><p>(1) Der Kunde kann aus dem Sortiment des Anbieters Produkte ausw\u00e4hlen und diese \u00fcber den Button \u201ein den Warenkorb\u201c in einem so genannten Warenkorb sammeln. \u00dcber den Button \u201eBuy Now\u201c gibt er einen verbindlichen Antrag zum Kauf der im Warenkorb befindlichen Waren ab. Vor Abschicken der Bestellung kann der Kunde die Daten jederzeit \u00e4ndern und einsehen.<\/p><p>(2) Der Anbieter schickt daraufhin dem Kunden eine automatische Empfangsbest\u00e4tigung mit dem Betreff \u201eYour timeBuzzer order receipt\u201c per E-Mail zu, in welcher die Bestellung des Kunden nochmals aufgef\u00fchrt wird und die der Kunde \u00fcber die Funktion \u201eDrucken\u201c ausdrucken kann. Die Bestellung des Kunden (1) stellt hierbei das Angebot zum Vertragsschluss mit dem jeweiligen Inhalt des Warenkorbs dar. Die Empfangsbest\u00e4tigung (Bestellbest\u00e4tigung) stellt die Annahme des Angebots durch den Anbieter dar. In dieser wird der Inhalt der Bestellung zusammengefasst. In dieser E-Mail oder in einer separaten E-Mail, jedoch sp\u00e4testens bei Lieferung der Ware, wird der Vertragstext (bestehend aus Bestellung, AGB und Auftragsbest\u00e4tigung) dem Kunden von uns auf einem dauerhaften Datentr\u00e4ger (E-Mail oder Papierausdruck) zugesandt. Der Vertragstext wird unter Wahrung des Datenschutzes gespeichert.<\/p><p>(3) Der Vertragsschluss erfolgt in den Sprachen: Deutsch.<\/p><h2>\u00a7 3 Lieferung, Warenverf\u00fcgbarkeit, Zahlungsmodalit\u00e4ten<\/h2><p>(1) Von uns angegebene Lieferzeiten berechnen sich vom Zeitpunkt unserer Auftragsbest\u00e4tigung (\u00a7 2 (2) dieser AGB), vorherige Zahlung des Kaufpreises vorausgesetzt.<\/p><p>(2) Ist das vom Kunden in der Bestellung bezeichnete Produkt nur vor\u00fcbergehend nicht verf\u00fcgbar, teilt der Anbieter dem Kunden dies ebenfalls unverz\u00fcglich mit. Bei einer Lieferungsverz\u00f6gerung von mehr als zwei Wochen hat der Kunde das Recht, vom Vertrag zur\u00fcckzutreten. Im \u00dcbrigen ist in diesem Fall auch der Anbieter berechtigt, sich vom Vertrag zu l\u00f6sen. Hierbei wird er eventuell bereits geleistete Zahlungen des Kunden unverz\u00fcglich erstatten.<\/p><p>(3) Der Kunde kann die Zahlung per PayPal, Direct Bank Transfer vornehmen.<\/p><p>(4) Die Zahlung des Kaufpreises ist unmittelbar mit Vertragsschluss f\u00e4llig. Ist die F\u00e4lligkeit der Zahlung nach dem Kalender bestimmt, so kommt der Kunde bereits durch Vers\u00e4umung des Termins in Verzug.<\/p><h2>\u00a7 4 Eigentumsvorbehalt<\/h2><p>Bis zur vollst\u00e4ndigen Bezahlung des Kaufpreises verbleiben die gelieferten Waren im Eigentum des Anbieters.<\/p><h2>\u00a7 5 Preise und Versandkosten<\/h2><p>(1) Alle Preise, die auf der Website des Anbieters angegeben sind, verstehen sich zuz\u00fcglich der jeweils g\u00fcltigen gesetzlichen Umsatzsteuer.<\/p><p>(2) Die entsprechenden Versandkosten werden dem Kunden im Bestellformular angegeben und sind vom Kunden zu tragen, soweit der Kunde nicht von einem etwaigen Widerrufsrecht Gebrauch macht.<\/p><p>(3) Der Kunde hat im Falle eines Widerrufs die unmittelbaren Kosten der R\u00fccksendung zu tragen.<\/p><h2>\u00a7 6 Sachm\u00e4ngelgew\u00e4hrleistung<\/h2><p>(1) Der Anbieter haftet f\u00fcr Sachm\u00e4ngel nach den hierf\u00fcr geltenden gesetzlichen Vorschriften, insbesondere \u00a7\u00a7 434 ff. BGB. Gegen\u00fcber Unternehmern betr\u00e4gt die Gew\u00e4hrleistungsfrist auf vom Anbieter gelieferte Sachen 12 Monate.<\/p><h2>\u00a7 7 Haftung<\/h2><p>(1) Anspr\u00fcche des Kunden auf Schadensersatz sind ausgeschlossen. Hiervon ausgenommen sind Schadensersatzanspr\u00fcche des Kunden aus der Verletzung des Lebens, des K\u00f6rpers, der Gesundheit oder aus der Verletzung wesentlicher Vertragspflichten (Kardinalpflichten) sowie die Haftung f\u00fcr sonstige Sch\u00e4den, die auf einer vors\u00e4tzlichen oder grob fahrl\u00e4ssigen Pflichtverletzung des Anbieters, seiner gesetzlichen Vertreter oder Erf\u00fcllungsgehilfen beruhen. Wesentliche Vertragspflichten sind solche, deren Erf\u00fcllung zur Erreichung des Ziels des Vertrags notwendig ist.<\/p><p>(2) Bei der Verletzung wesentlicher Vertragspflichten haftet der Anbieter nur auf den vertragstypischen, vorhersehbaren Schaden, wenn dieser einfach fahrl\u00e4ssig verursacht wurde, es sei denn, es handelt sich um Schadensersatzanspr\u00fcche des Kunden aus einer Verletzung des Lebens, des K\u00f6rpers oder der Gesundheit.<\/p><p>(3) Die Einschr\u00e4nkungen der Abs. 1 und 2 gelten auch zugunsten der gesetzlichen Vertreter und Erf\u00fcllungsgehilfen des Anbieters, wenn Anspr\u00fcche direkt gegen diese geltend gemacht werden.<\/p><p>(4) Die Vorschriften des Produkthaftungsgesetzes bleiben unber\u00fchrt.<\/p><h2>\u00a7 8 Hinweise zur Datenverarbeitung<\/h2><p>(1) Der Anbieter erhebt im Rahmen der Abwicklung von Vertr\u00e4gen Daten des Kunden. Er beachtet dabei insbesondere die Vorschriften des Bundesdatenschutzgesetzes und des Telemediengesetzes. Ohne Einwilligung des Kunden wird der Anbieter Bestands- und Nutzungsdaten des Kunden nur erheben, verarbeiten oder nutzen, soweit dies f\u00fcr die Abwicklung des Vertragsverh\u00e4ltnisses und f\u00fcr die Inanspruchnahme und Abrechnung von Telemedien erforderlich ist.<\/p><p>(2) Ohne die Einwilligung des Kunden wird der Anbieter Daten des Kunden nicht f\u00fcr Zwecke der Werbung, Markt- oder Meinungsforschung nutzen.<\/p><h2>\u00a7 9 Schlussbestimmungen<\/h2><p>(1) Auf Vertr\u00e4ge zwischen dem Anbieter und den Kunden findet das Recht der Bundesrepublik Deutschland unter Ausschluss des UN-Kaufrechts sowie des internationalen Privatrechts Anwendung.<\/p><p>(2) Sofern es sich beim Kunden um einen Kaufmann, eine juristische Person des \u00f6ffentlichen Rechts oder um ein \u00f6ffentlich-rechtliches Sonderverm\u00f6gen handelt, ist Gerichtsstand f\u00fcr alle Streitigkeiten aus Vertragsverh\u00e4ltnissen zwischen dem Kunden und dem Anbieter der Sitz des Anbieters.<\/p><p>(3) Der Vertrag bleibt auch bei rechtlicher Unwirksamkeit einzelner Punkte in seinen \u00fcbrigen Teilen verbindlich. Anstelle der unwirksamen Punkte treten, soweit vorhanden, die gesetzlichen Vorschriften. Soweit dies f\u00fcr eine Vertragspartei eine unzumutbare H\u00e4rte darstellen w\u00fcrde, wird der Vertrag jedoch im Ganzen unwirksam.<\/p><p>Alternative Dispute Resolution in accordance with Art. 14 (1) ODR-VO and \u00a7 36 VSBG:<br \/>The european commission provides a platform for online dispute resolution (OS) which is accessible at http:\/\/ec.europa.eu\/consumers\/odr\/. We are not obliged nor willing to participate in dispute settlement proceedings before a consumer arbitration board.<\/p>\t\t\t\t\t\t\t\t<\/div>\n\t\t\t\t<\/div>\n\t\t\t\t\t<\/div>\n\t\t\t\t<\/div>\n\t\t\t\t<\/div>\n\t\t","protected":false},"excerpt":{"rendered":"<p>AGB Allgemeine Gesch\u00e4ftsbedingungen der timeBuzzer GmbH. Vertragsbedingungen im Rahmen von Kaufvertr\u00e4gen die \u00fcber die Plattform https:\/\/www.timebuzzer.com zwischen timeBuzzer GmbHBruchwiesenstra\u00dfe 266111 Saarbr\u00fccken Tel: +49 681 4046 9558 Eingetragen im Handelsregister des Amtsgerichts Kassel: HRB17062Vertreten durch Felix Bopp, Patrick Ruh.USt.-Identifikationsnummer: DE307990285 \u2013 im Folgenden \u201eAnbieter\u201c \u2013 und den in \u00a7 2 dieser AGB bezeichneten Nutzern dieser Plattform [&hellip;]<\/p>\n","protected":false},"author":1,"featured_media":0,"parent":0,"menu_order":0,"comment_status":"closed","ping_status":"closed","template":"","meta":{"_acf_changed":false,"footnotes":""},"class_list":["post-124","page","type-page","status-publish","hentry"],"acf":[],"_links":{"self":[{"href":"https:\/\/timebuzzer.com\/de\/wp-json\/wp\/v2\/pages\/124","targetHints":{"allow":["GET"]}}],"collection":[{"href":"https:\/\/timebuzzer.com\/de\/wp-json\/wp\/v2\/pages"}],"about":[{"href":"https:\/\/timebuzzer.com\/de\/wp-json\/wp\/v2\/types\/page"}],"author":[{"embeddable":true,"href":"https:\/\/timebuzzer.com\/de\/wp-json\/wp\/v2\/users\/1"}],"replies":[{"embeddable":true,"href":"https:\/\/timebuzzer.com\/de\/wp-json\/wp\/v2\/comments?post=124"}],"version-history":[{"count":0,"href":"https:\/\/timebuzzer.com\/de\/wp-json\/wp\/v2\/pages\/124\/revisions"}],"wp:attachment":[{"href":"https:\/\/timebuzzer.com\/de\/wp-json\/wp\/v2\/media?parent=124"}],"curies":[{"name":"wp","href":"https:\/\/api.w.org\/{rel}","templated":true}]}}