{"id":18049,"date":"2020-12-04T11:06:57","date_gmt":"2020-12-04T10:06:57","guid":{"rendered":"https:\/\/timebuzzer.com\/?page_id=18049"},"modified":"2026-03-27T10:46:05","modified_gmt":"2026-03-27T09:46:05","slug":"entwickler-bereich","status":"publish","type":"page","link":"https:\/\/timebuzzer.com\/de\/entwickler-bereich\/","title":{"rendered":"Entwicklerbereich"},"content":{"rendered":"\t\t<div data-elementor-type=\"wp-page\" data-elementor-id=\"18049\" class=\"elementor elementor-18049 elementor-621\" data-elementor-post-type=\"page\">\n\t\t\t\t<div class=\"elementor-element elementor-element-ea0844c animated-fast e-flex e-con-boxed e-con e-parent\" data-id=\"ea0844c\" data-element_type=\"container\" data-e-type=\"container\" data-settings=\"{&quot;animation&quot;:&quot;none&quot;}\">\n\t\t\t\t\t<div class=\"e-con-inner\">\n\t\t<div class=\"elementor-element elementor-element-5951a38 e-con-full e-flex e-con e-child\" data-id=\"5951a38\" data-element_type=\"container\" data-e-type=\"container\">\n\t\t\t\t<div class=\"elementor-element elementor-element-6e9e2e0 elementor-widget elementor-widget-text-editor\" data-id=\"6e9e2e0\" data-element_type=\"widget\" data-e-type=\"widget\" data-settings=\"{&quot;_animation&quot;:&quot;none&quot;}\" data-widget_type=\"text-editor.default\">\n\t\t\t\t<div class=\"elementor-widget-container\">\n\t\t\t\t\t\t\t\t\t<h1>API &amp; Entwickler<\/h1><p>Baue Integrationen, die perfekt zu deinen Anforderungen passen.<\/p>\t\t\t\t\t\t\t\t<\/div>\n\t\t\t\t<\/div>\n\t\t\t\t<\/div>\n\t\t\t\t\t<\/div>\n\t\t\t\t<\/div>\n\t\t<div class=\"elementor-element elementor-element-200f4b4 e-flex e-con-boxed e-con e-parent\" data-id=\"200f4b4\" data-element_type=\"container\" data-e-type=\"container\">\n\t\t\t\t\t<div class=\"e-con-inner\">\n\t\t<div class=\"elementor-element elementor-element-701a3b0 e-con-full e-flex e-con e-child\" data-id=\"701a3b0\" data-element_type=\"container\" data-e-type=\"container\" data-settings=\"{&quot;background_background&quot;:&quot;classic&quot;}\">\n\t\t\t\t<div class=\"elementor-element elementor-element-35ec25b elementor-widget elementor-widget-heading\" data-id=\"35ec25b\" data-element_type=\"widget\" data-e-type=\"widget\" data-widget_type=\"heading.default\">\n\t\t\t\t<div class=\"elementor-widget-container\">\n\t\t\t\t\t<h3 class=\"elementor-heading-title elementor-size-default\">API Doku<\/h3>\t\t\t\t<\/div>\n\t\t\t\t<\/div>\n\t\t\t\t<div class=\"elementor-element elementor-element-1f486eb elementor-widget__width-initial elementor-widget elementor-widget-text-editor\" data-id=\"1f486eb\" data-element_type=\"widget\" data-e-type=\"widget\" data-widget_type=\"text-editor.default\">\n\t\t\t\t<div class=\"elementor-widget-container\">\n\t\t\t\t\t\t\t\t\t<p>Erfahre mehr \u00fcber unser Datenmodell und die verf\u00fcgbaren Requests.<\/p><p><a href=\"https:\/\/my.timebuzzer.com\/doc\/\" target=\"_blank\" rel=\"noopener\">API-Dokumentation ansehen<\/a><\/p>\t\t\t\t\t\t\t\t<\/div>\n\t\t\t\t<\/div>\n\t\t\t\t<\/div>\n\t\t<div class=\"elementor-element elementor-element-973c8f2 e-con-full e-flex e-con e-child\" data-id=\"973c8f2\" data-element_type=\"container\" data-e-type=\"container\" data-settings=\"{&quot;background_background&quot;:&quot;classic&quot;}\">\n\t\t\t\t<div class=\"elementor-element elementor-element-be57649 elementor-widget elementor-widget-heading\" data-id=\"be57649\" data-element_type=\"widget\" data-e-type=\"widget\" data-widget_type=\"heading.default\">\n\t\t\t\t<div class=\"elementor-widget-container\">\n\t\t\t\t\t<h3 class=\"elementor-heading-title elementor-size-default\">Beliebte Requests<\/h3>\t\t\t\t<\/div>\n\t\t\t\t<\/div>\n\t\t\t\t<div class=\"elementor-element elementor-element-d5ea179 elementor-widget__width-initial elementor-widget elementor-widget-text-editor\" data-id=\"d5ea179\" data-element_type=\"widget\" data-e-type=\"widget\" data-widget_type=\"text-editor.default\">\n\t\t\t\t<div class=\"elementor-widget-container\">\n\t\t\t\t\t\t\t\t\t<p>Hier findest du die g\u00e4ngigsten Requests, die in Postman vorbereitet wurden.<\/p><p><a href=\"https:\/\/documenter.getpostman.com\/view\/2798570\/T17NbQjP\" target=\"_blank\" rel=\"noopener\">Requests in Postman ansehen<\/a><\/p>\t\t\t\t\t\t\t\t<\/div>\n\t\t\t\t<\/div>\n\t\t\t\t<\/div>\n\t\t<div class=\"elementor-element elementor-element-52b1ca7 e-con-full e-flex e-con e-child\" data-id=\"52b1ca7\" data-element_type=\"container\" data-e-type=\"container\" data-settings=\"{&quot;background_background&quot;:&quot;classic&quot;}\">\n\t\t\t\t<div class=\"elementor-element elementor-element-a8900a5 elementor-widget elementor-widget-heading\" data-id=\"a8900a5\" data-element_type=\"widget\" data-e-type=\"widget\" data-widget_type=\"heading.default\">\n\t\t\t\t<div class=\"elementor-widget-container\">\n\t\t\t\t\t<h3 class=\"elementor-heading-title elementor-size-default\">Weitere Fragen?<\/h3>\t\t\t\t<\/div>\n\t\t\t\t<\/div>\n\t\t\t\t<div class=\"elementor-element elementor-element-45676fd elementor-widget__width-initial elementor-widget elementor-widget-text-editor\" data-id=\"45676fd\" data-element_type=\"widget\" data-e-type=\"widget\" data-widget_type=\"text-editor.default\">\n\t\t\t\t<div class=\"elementor-widget-container\">\n\t\t\t\t\t\t\t\t\t<div class=\"elementor-element elementor-element-e7899b6 elementor-widget elementor-widget-text-editor\" data-id=\"e7899b6\" data-element_type=\"widget\" data-e-type=\"widget\" data-widget_type=\"text-editor.default\"><div class=\"elementor-widget-container\"><p class=\"p1\">Wenn du Fragen z unserer API oder Dokumentation hast, kontaktiere uns gerne.<\/p><\/div><\/div><p><a href=\"https:\/\/timebuzzer.com\/de\/kontakt\/\">Kontaktiere uns<\/a><\/p>\t\t\t\t\t\t\t\t<\/div>\n\t\t\t\t<\/div>\n\t\t\t\t<\/div>\n\t\t\t\t\t<\/div>\n\t\t\t\t<\/div>\n\t\t\t\t<\/div>\n\t\t","protected":false},"excerpt":{"rendered":"<p>API &amp; Entwickler Baue Integrationen, die perfekt zu deinen Anforderungen passen. API Doku Erfahre mehr \u00fcber unser Datenmodell und die verf\u00fcgbaren Requests. API-Dokumentation ansehen Beliebte Requests Hier findest du die g\u00e4ngigsten Requests, die in Postman vorbereitet wurden. Requests in Postman ansehen Weitere Fragen? Wenn du Fragen z unserer API oder Dokumentation hast, kontaktiere uns gerne. [&hellip;]<\/p>\n","protected":false},"author":8,"featured_media":0,"parent":0,"menu_order":0,"comment_status":"closed","ping_status":"closed","template":"","meta":{"_acf_changed":false,"footnotes":""},"class_list":["post-18049","page","type-page","status-publish","hentry"],"acf":[],"_links":{"self":[{"href":"https:\/\/timebuzzer.com\/de\/wp-json\/wp\/v2\/pages\/18049","targetHints":{"allow":["GET"]}}],"collection":[{"href":"https:\/\/timebuzzer.com\/de\/wp-json\/wp\/v2\/pages"}],"about":[{"href":"https:\/\/timebuzzer.com\/de\/wp-json\/wp\/v2\/types\/page"}],"author":[{"embeddable":true,"href":"https:\/\/timebuzzer.com\/de\/wp-json\/wp\/v2\/users\/8"}],"replies":[{"embeddable":true,"href":"https:\/\/timebuzzer.com\/de\/wp-json\/wp\/v2\/comments?post=18049"}],"version-history":[{"count":3,"href":"https:\/\/timebuzzer.com\/de\/wp-json\/wp\/v2\/pages\/18049\/revisions"}],"predecessor-version":[{"id":55500,"href":"https:\/\/timebuzzer.com\/de\/wp-json\/wp\/v2\/pages\/18049\/revisions\/55500"}],"wp:attachment":[{"href":"https:\/\/timebuzzer.com\/de\/wp-json\/wp\/v2\/media?parent=18049"}],"curies":[{"name":"wp","href":"https:\/\/api.w.org\/{rel}","templated":true}]}}