{"id":23197,"date":"2021-04-16T14:36:36","date_gmt":"2021-04-16T12:36:36","guid":{"rendered":"https:\/\/timebuzzer.com\/?page_id=23197"},"modified":"2025-05-13T10:25:44","modified_gmt":"2025-05-13T08:25:44","slug":"sicherheit","status":"publish","type":"page","link":"https:\/\/timebuzzer.com\/de\/sicherheit\/","title":{"rendered":"Sicherheit"},"content":{"rendered":"\t\t<div data-elementor-type=\"wp-page\" data-elementor-id=\"23197\" class=\"elementor elementor-23197 elementor-22734\" data-elementor-post-type=\"page\">\n\t\t\t\t<div class=\"elementor-element elementor-element-dc70922 e-flex e-con-boxed e-con e-parent\" data-id=\"dc70922\" data-element_type=\"container\" data-e-type=\"container\" data-settings=\"{&quot;background_background&quot;:&quot;classic&quot;}\">\n\t\t\t\t\t<div class=\"e-con-inner\">\n\t\t\t\t<div class=\"elementor-element elementor-element-fd2eae5 elementor-widget elementor-widget-heading\" data-id=\"fd2eae5\" data-element_type=\"widget\" data-e-type=\"widget\" data-widget_type=\"heading.default\">\n\t\t\t\t<div class=\"elementor-widget-container\">\n\t\t\t\t\t<h1 class=\"elementor-heading-title elementor-size-default\">Sicherheit<\/h1>\t\t\t\t<\/div>\n\t\t\t\t<\/div>\n\t\t\t\t<div class=\"elementor-element elementor-element-03d33c4 elementor-widget elementor-widget-text-editor\" data-id=\"03d33c4\" data-element_type=\"widget\" data-e-type=\"widget\" data-widget_type=\"text-editor.default\">\n\t\t\t\t<div class=\"elementor-widget-container\">\n\t\t\t\t\t\t\t\t\t<p>Wie wir den Schutz deiner Daten sicherstellen.<\/p>\t\t\t\t\t\t\t\t<\/div>\n\t\t\t\t<\/div>\n\t\t\t\t\t<\/div>\n\t\t\t\t<\/div>\n\t\t<div class=\"elementor-element elementor-element-4534b2d e-flex e-con-boxed e-con e-parent\" data-id=\"4534b2d\" data-element_type=\"container\" data-e-type=\"container\">\n\t\t\t\t\t<div class=\"e-con-inner\">\n\t\t\t\t<div class=\"elementor-element elementor-element-d0d912e elementor-widget elementor-widget-text-editor\" data-id=\"d0d912e\" data-element_type=\"widget\" data-e-type=\"widget\" data-widget_type=\"text-editor.default\">\n\t\t\t\t<div class=\"elementor-widget-container\">\n\t\t\t\t\t\t\t\t\t<h2>Deine Daten, sicher aufbewahrt.<\/h2><p>Wir sind uns der Verantwortung f\u00fcr sensible Unternehmensdaten bewusst. Damit deine Daten bei uns sicher sind, haben wir die folgenden Ma\u00dfnahmen ergriffen und entwickeln unsere Datenschutzprozesse st\u00e4ndig weiter.<\/p>\t\t<div data-elementor-type=\"container\" data-elementor-id=\"38937\" class=\"elementor elementor-38937\" data-elementor-post-type=\"elementor_library\">\n\t\t\t\t<div class=\"elementor-element elementor-element-402c784a e-flex e-con-boxed e-con e-parent\" data-id=\"402c784a\" data-element_type=\"container\" data-e-type=\"container\">\n\t\t\t\t\t<div class=\"e-con-inner\">\n\t\t\t\t<div class=\"elementor-element elementor-element-1c4fa52 elementor-widget elementor-widget-spacer\" data-id=\"1c4fa52\" data-element_type=\"widget\" data-e-type=\"widget\" data-widget_type=\"spacer.default\">\n\t\t\t\t<div class=\"elementor-widget-container\">\n\t\t\t\t\t\t\t<div class=\"elementor-spacer\">\n\t\t\t<div class=\"elementor-spacer-inner\"><\/div>\n\t\t<\/div>\n\t\t\t\t\t\t<\/div>\n\t\t\t\t<\/div>\n\t\t\t\t\t<\/div>\n\t\t\t\t<\/div>\n\t\t\t\t<\/div>\n\t\t<h2>ISO 27001 Rechenzentren<\/h2><p>Alle timeBuzzer-Cloud-Accounts werden in ISO 27001-zertifizierten Rechenzentren gehostet, die Datensicherheit, Best-in-Class-Performance und Geo-Redundanz bieten.<\/p><p>Wir haben uns bewusst f\u00fcr Deutschland als Serverstandort entschieden, damit auch unsere Dienstleister an die strengen deutschen Datenschutzgesetze gebunden sind.<\/p>\t\t<div data-elementor-type=\"container\" data-elementor-id=\"38937\" class=\"elementor elementor-38937\" data-elementor-post-type=\"elementor_library\">\n\t\t\t\t<div class=\"elementor-element elementor-element-402c784a e-flex e-con-boxed e-con e-parent\" data-id=\"402c784a\" data-element_type=\"container\" data-e-type=\"container\">\n\t\t\t\t\t<div class=\"e-con-inner\">\n\t\t\t\t<div class=\"elementor-element elementor-element-1c4fa52 elementor-widget elementor-widget-spacer\" data-id=\"1c4fa52\" data-element_type=\"widget\" data-e-type=\"widget\" data-widget_type=\"spacer.default\">\n\t\t\t\t<div class=\"elementor-widget-container\">\n\t\t\t\t\t\t\t<div class=\"elementor-spacer\">\n\t\t\t<div class=\"elementor-spacer-inner\"><\/div>\n\t\t<\/div>\n\t\t\t\t\t\t<\/div>\n\t\t\t\t<\/div>\n\t\t\t\t\t<\/div>\n\t\t\t\t<\/div>\n\t\t\t\t<\/div>\n\t\t<h2>SSL-Verschl\u00fcsselung<\/h2><p>Jedes timeBuzzer-Konto verwendet SSL-verschl\u00fcsselte Verbindungen, was bedeutet, dass sensible Informationen niemals im Klartext gesendet oder empfangen werden.<\/p>\t\t<div data-elementor-type=\"container\" data-elementor-id=\"38937\" class=\"elementor elementor-38937\" data-elementor-post-type=\"elementor_library\">\n\t\t\t\t<div class=\"elementor-element elementor-element-402c784a e-flex e-con-boxed e-con e-parent\" data-id=\"402c784a\" data-element_type=\"container\" data-e-type=\"container\">\n\t\t\t\t\t<div class=\"e-con-inner\">\n\t\t\t\t<div class=\"elementor-element elementor-element-1c4fa52 elementor-widget elementor-widget-spacer\" data-id=\"1c4fa52\" data-element_type=\"widget\" data-e-type=\"widget\" data-widget_type=\"spacer.default\">\n\t\t\t\t<div class=\"elementor-widget-container\">\n\t\t\t\t\t\t\t<div class=\"elementor-spacer\">\n\t\t\t<div class=\"elementor-spacer-inner\"><\/div>\n\t\t<\/div>\n\t\t\t\t\t\t<\/div>\n\t\t\t\t<\/div>\n\t\t\t\t\t<\/div>\n\t\t\t\t<\/div>\n\t\t\t\t<\/div>\n\t\t<h2>Wie wir deine Daten aufbewahren<\/h2><p>Zum Schutz deiner Daten haben wir die folgenden Sicherheitssysteme eingerichtet:<\/p><ul><li>Alle Backups werden zweimal auf verschiedenen physikalischen Rechenzentren gesichert.<\/li><li>Backups werden t\u00e4glich durchgef\u00fchrt<\/li><li>Anwendungsprotokolle werden lokal auf deinem Computer gespeichert. Es steht dir frei, ob du diese mit uns in Supportf\u00e4llen teilen m\u00f6chtest.<\/li><\/ul>\t\t<div data-elementor-type=\"container\" data-elementor-id=\"38937\" class=\"elementor elementor-38937\" data-elementor-post-type=\"elementor_library\">\n\t\t\t\t<div class=\"elementor-element elementor-element-402c784a e-flex e-con-boxed e-con e-parent\" data-id=\"402c784a\" data-element_type=\"container\" data-e-type=\"container\">\n\t\t\t\t\t<div class=\"e-con-inner\">\n\t\t\t\t<div class=\"elementor-element elementor-element-1c4fa52 elementor-widget elementor-widget-spacer\" data-id=\"1c4fa52\" data-element_type=\"widget\" data-e-type=\"widget\" data-widget_type=\"spacer.default\">\n\t\t\t\t<div class=\"elementor-widget-container\">\n\t\t\t\t\t\t\t<div class=\"elementor-spacer\">\n\t\t\t<div class=\"elementor-spacer-inner\"><\/div>\n\t\t<\/div>\n\t\t\t\t\t\t<\/div>\n\t\t\t\t<\/div>\n\t\t\t\t\t<\/div>\n\t\t\t\t<\/div>\n\t\t\t\t<\/div>\n\t\t<h2>Wie wir zuverl\u00e4ssig bleiben<\/h2><p>Was wir tun, um sicherzustellen, dass du auf deine Daten zugreifen kannst, wenn du sie brauchst.<\/p><ul><li>Wir erreichen eine durchschnittliche Betriebszeit von 99,9 %.<\/li><li>Die Netzwerkkonnektivit\u00e4t wird von mehreren Top-Carriern bereitgestellt.<\/li><li>Alle Daten werden durch Hardware-RAID \u00fcber mehrere Datenspeichereinheiten gesch\u00fctzt.<\/li><li>Kritische Server verf\u00fcgen \u00fcber redundante Stromversorgungen.<\/li><\/ul>\t\t<div data-elementor-type=\"container\" data-elementor-id=\"38937\" class=\"elementor elementor-38937\" data-elementor-post-type=\"elementor_library\">\n\t\t\t\t<div class=\"elementor-element elementor-element-402c784a e-flex e-con-boxed e-con e-parent\" data-id=\"402c784a\" data-element_type=\"container\" data-e-type=\"container\">\n\t\t\t\t\t<div class=\"e-con-inner\">\n\t\t\t\t<div class=\"elementor-element elementor-element-1c4fa52 elementor-widget elementor-widget-spacer\" data-id=\"1c4fa52\" data-element_type=\"widget\" data-e-type=\"widget\" data-widget_type=\"spacer.default\">\n\t\t\t\t<div class=\"elementor-widget-container\">\n\t\t\t\t\t\t\t<div class=\"elementor-spacer\">\n\t\t\t<div class=\"elementor-spacer-inner\"><\/div>\n\t\t<\/div>\n\t\t\t\t\t\t<\/div>\n\t\t\t\t<\/div>\n\t\t\t\t\t<\/div>\n\t\t\t\t<\/div>\n\t\t\t\t<\/div>\n\t\t<h2>Unsere branchen\u00fcblichen Sicherheitspraktiken<\/h2><p>Die Systeme und Prozesse von timeBuzzer entsprechen den besten Sicherheitspraktiken der Branche.<\/p><ul><li>Verschl\u00fcsselte Kommunikation zwischen den Servern und zwischen den Rechenzentren.<\/li><li>Client-seitige Passwortverschl\u00fcsselung.<\/li><li>Strenge Firewalls und \u00fcberwachte Server.<\/li><li>Streng kontrollierter Zugriff auf Server oder Kundendaten.<\/li><\/ul>\t\t<div data-elementor-type=\"container\" data-elementor-id=\"38937\" class=\"elementor elementor-38937\" data-elementor-post-type=\"elementor_library\">\n\t\t\t\t<div class=\"elementor-element elementor-element-402c784a e-flex e-con-boxed e-con e-parent\" data-id=\"402c784a\" data-element_type=\"container\" data-e-type=\"container\">\n\t\t\t\t\t<div class=\"e-con-inner\">\n\t\t\t\t<div class=\"elementor-element elementor-element-1c4fa52 elementor-widget elementor-widget-spacer\" data-id=\"1c4fa52\" data-element_type=\"widget\" data-e-type=\"widget\" data-widget_type=\"spacer.default\">\n\t\t\t\t<div class=\"elementor-widget-container\">\n\t\t\t\t\t\t\t<div class=\"elementor-spacer\">\n\t\t\t<div class=\"elementor-spacer-inner\"><\/div>\n\t\t<\/div>\n\t\t\t\t\t\t<\/div>\n\t\t\t\t<\/div>\n\t\t\t\t\t<\/div>\n\t\t\t\t<\/div>\n\t\t\t\t<\/div>\n\t\t\t\t\t\t\t\t\t\t<\/div>\n\t\t\t\t<\/div>\n\t\t\t\t<div class=\"elementor-element elementor-element-74d44c7 elementor-widget elementor-widget-text-editor\" data-id=\"74d44c7\" data-element_type=\"widget\" data-e-type=\"widget\" data-widget_type=\"text-editor.default\">\n\t\t\t\t<div class=\"elementor-widget-container\">\n\t\t\t\t\t\t\t\t\t<h2>Weitere Informationen<\/h2>\t\t\t\t\t\t\t\t<\/div>\n\t\t\t\t<\/div>\n\t\t\t\t<div class=\"elementor-element elementor-element-88b2225 elementor-icon-list--layout-traditional elementor-list-item-link-full_width elementor-widget elementor-widget-icon-list\" data-id=\"88b2225\" data-element_type=\"widget\" data-e-type=\"widget\" data-widget_type=\"icon-list.default\">\n\t\t\t\t<div class=\"elementor-widget-container\">\n\t\t\t\t\t\t\t<ul class=\"elementor-icon-list-items\">\n\t\t\t\t\t\t\t<li class=\"elementor-icon-list-item\">\n\t\t\t\t\t\t\t\t\t\t\t<a href=\"https:\/\/timebuzzer.com\/de\/agb\/\">\n\n\t\t\t\t\t\t\t\t\t\t\t\t<span class=\"elementor-icon-list-icon\">\n\t\t\t\t\t\t\t<i aria-hidden=\"true\" class=\"far fa-arrow-alt-circle-right\"><\/i>\t\t\t\t\t\t<\/span>\n\t\t\t\t\t\t\t\t\t\t<span class=\"elementor-icon-list-text\">Unsere Allgemeinen Gesch\u00e4ftsbedingungen<\/span>\n\t\t\t\t\t\t\t\t\t\t\t<\/a>\n\t\t\t\t\t\t\t\t\t<\/li>\n\t\t\t\t\t\t\t\t<li class=\"elementor-icon-list-item\">\n\t\t\t\t\t\t\t\t\t\t\t<a href=\"https:\/\/timebuzzer.com\/de\/datenschutz\/\">\n\n\t\t\t\t\t\t\t\t\t\t\t\t<span class=\"elementor-icon-list-icon\">\n\t\t\t\t\t\t\t<i aria-hidden=\"true\" class=\"far fa-arrow-alt-circle-right\"><\/i>\t\t\t\t\t\t<\/span>\n\t\t\t\t\t\t\t\t\t\t<span class=\"elementor-icon-list-text\">Unsere Datenschutzrichtlinien<\/span>\n\t\t\t\t\t\t\t\t\t\t\t<\/a>\n\t\t\t\t\t\t\t\t\t<\/li>\n\t\t\t\t\t\t\t\t<li class=\"elementor-icon-list-item\">\n\t\t\t\t\t\t\t\t\t\t\t<a href=\"https:\/\/docs.hetzner.com\/de\/general\/others\/certificates\">\n\n\t\t\t\t\t\t\t\t\t\t\t\t<span class=\"elementor-icon-list-icon\">\n\t\t\t\t\t\t\t<i aria-hidden=\"true\" class=\"far fa-arrow-alt-circle-right\"><\/i>\t\t\t\t\t\t<\/span>\n\t\t\t\t\t\t\t\t\t\t<span class=\"elementor-icon-list-text\">ISO 27001 Zertifizierung &amp; Informationen zum Rechenzentrum<\/span>\n\t\t\t\t\t\t\t\t\t\t\t<\/a>\n\t\t\t\t\t\t\t\t\t<\/li>\n\t\t\t\t\t\t<\/ul>\n\t\t\t\t\t\t<\/div>\n\t\t\t\t<\/div>\n\t\t\t\t<div class=\"elementor-element elementor-element-27e8c3b elementor-widget elementor-widget-text-editor\" data-id=\"27e8c3b\" data-element_type=\"widget\" data-e-type=\"widget\" data-widget_type=\"text-editor.default\">\n\t\t\t\t<div class=\"elementor-widget-container\">\n\t\t\t\t\t\t\t\t\t<h2>Dokumente anfordern<\/h2>\n<ul>\n \t<li>Vereinbarung zur Datenverarbeitung<\/li>\n \t<li>Unsere technisch-organisatorischen Ma\u00dfnahmen zur IT-Sicherheit<\/li>\n \t<li>Liste unserer Unterauftragnehmer<\/li>\n<\/ul>\n<br>\n\n<a href=\"https:\/\/timebuzzer.com\/de\/kontakt\/\">Jetzt Dokumente anfordern \u2192<\/a>\n\n\t\t<div data-elementor-type=\"container\" data-elementor-id=\"38937\" class=\"elementor elementor-38937\" data-elementor-post-type=\"elementor_library\">\n\t\t\t\t<div class=\"elementor-element elementor-element-402c784a e-flex e-con-boxed e-con e-parent\" data-id=\"402c784a\" data-element_type=\"container\" data-e-type=\"container\">\n\t\t\t\t\t<div class=\"e-con-inner\">\n\t\t\t\t<div class=\"elementor-element elementor-element-1c4fa52 elementor-widget elementor-widget-spacer\" data-id=\"1c4fa52\" data-element_type=\"widget\" data-e-type=\"widget\" data-widget_type=\"spacer.default\">\n\t\t\t\t<div class=\"elementor-widget-container\">\n\t\t\t\t\t\t\t<div class=\"elementor-spacer\">\n\t\t\t<div class=\"elementor-spacer-inner\"><\/div>\n\t\t<\/div>\n\t\t\t\t\t\t<\/div>\n\t\t\t\t<\/div>\n\t\t\t\t\t<\/div>\n\t\t\t\t<\/div>\n\t\t\t\t<\/div>\n\t\t\n<h2>Wer steckt hinter timeBuzzer?<\/h2>\nHinter der Zeiterfassungssoftware timeBuzzer steht die timeBuzzer GmbH.\nEin Unternehmen mit Sitz in Saarbr\u00fccken, Deutschland.\n\n\t\t<div data-elementor-type=\"container\" data-elementor-id=\"38937\" class=\"elementor elementor-38937\" data-elementor-post-type=\"elementor_library\">\n\t\t\t\t<div class=\"elementor-element elementor-element-402c784a e-flex e-con-boxed e-con e-parent\" data-id=\"402c784a\" data-element_type=\"container\" data-e-type=\"container\">\n\t\t\t\t\t<div class=\"e-con-inner\">\n\t\t\t\t<div class=\"elementor-element elementor-element-1c4fa52 elementor-widget elementor-widget-spacer\" data-id=\"1c4fa52\" data-element_type=\"widget\" data-e-type=\"widget\" data-widget_type=\"spacer.default\">\n\t\t\t\t<div class=\"elementor-widget-container\">\n\t\t\t\t\t\t\t<div class=\"elementor-spacer\">\n\t\t\t<div class=\"elementor-spacer-inner\"><\/div>\n\t\t<\/div>\n\t\t\t\t\t\t<\/div>\n\t\t\t\t<\/div>\n\t\t\t\t\t<\/div>\n\t\t\t\t<\/div>\n\t\t\t\t<\/div>\n\t\t\n<h2>Weitere Fragen?<\/h2>\nWenn du weitere Fragen zum Thema Datenschutz und Privatsph\u00e4re bei timeBuzzer hast, z\u00f6gere nicht, uns zu kontaktieren: <a href=\"mailto:support@timebuzzer.com\">support@timebuzzer.com<\/a>\t\t\t\t\t\t\t\t<\/div>\n\t\t\t\t<\/div>\n\t\t\t\t\t<\/div>\n\t\t\t\t<\/div>\n\t\t\t\t<\/div>\n\t\t","protected":false},"excerpt":{"rendered":"<p>Sicherheit Wie wir den Schutz deiner Daten sicherstellen. Deine Daten, sicher aufbewahrt. Wir sind uns der Verantwortung f\u00fcr sensible Unternehmensdaten bewusst. Damit deine Daten bei uns sicher sind, haben wir die folgenden Ma\u00dfnahmen ergriffen und entwickeln unsere Datenschutzprozesse st\u00e4ndig weiter. ISO 27001 Rechenzentren Alle timeBuzzer-Cloud-Accounts werden in ISO 27001-zertifizierten Rechenzentren gehostet, die Datensicherheit, Best-in-Class-Performance und [&hellip;]<\/p>\n","protected":false},"author":8,"featured_media":0,"parent":0,"menu_order":0,"comment_status":"closed","ping_status":"closed","template":"","meta":{"_acf_changed":false,"footnotes":""},"class_list":["post-23197","page","type-page","status-publish","hentry"],"acf":[],"_links":{"self":[{"href":"https:\/\/timebuzzer.com\/de\/wp-json\/wp\/v2\/pages\/23197","targetHints":{"allow":["GET"]}}],"collection":[{"href":"https:\/\/timebuzzer.com\/de\/wp-json\/wp\/v2\/pages"}],"about":[{"href":"https:\/\/timebuzzer.com\/de\/wp-json\/wp\/v2\/types\/page"}],"author":[{"embeddable":true,"href":"https:\/\/timebuzzer.com\/de\/wp-json\/wp\/v2\/users\/8"}],"replies":[{"embeddable":true,"href":"https:\/\/timebuzzer.com\/de\/wp-json\/wp\/v2\/comments?post=23197"}],"version-history":[{"count":0,"href":"https:\/\/timebuzzer.com\/de\/wp-json\/wp\/v2\/pages\/23197\/revisions"}],"wp:attachment":[{"href":"https:\/\/timebuzzer.com\/de\/wp-json\/wp\/v2\/media?parent=23197"}],"curies":[{"name":"wp","href":"https:\/\/api.w.org\/{rel}","templated":true}]}}