{"id":27266,"date":"2021-11-16T18:18:30","date_gmt":"2021-11-16T17:18:30","guid":{"rendered":"https:\/\/timebuzzer.com\/?page_id=27266"},"modified":"2024-01-21T02:49:28","modified_gmt":"2024-01-21T01:49:28","slug":"productivity-tracker","status":"publish","type":"page","link":"https:\/\/timebuzzer.com\/de\/productivity-tracker\/","title":{"rendered":"Productivity Tracker"},"content":{"rendered":"\t\t<div data-elementor-type=\"wp-post\" data-elementor-id=\"27266\" class=\"elementor elementor-27266 elementor-27261\" data-elementor-post-type=\"page\">\n\t\t\t\t\t\t<section class=\"elementor-section elementor-top-section elementor-element elementor-element-a9fa15e elementor-section-boxed elementor-section-height-default elementor-section-height-default\" data-id=\"a9fa15e\" data-element_type=\"section\" data-e-type=\"section\">\n\t\t\t\t\t\t<div class=\"elementor-container elementor-column-gap-default\">\n\t\t\t\t\t<div class=\"elementor-column elementor-col-100 elementor-top-column elementor-element elementor-element-775cc590\" data-id=\"775cc590\" data-element_type=\"column\" data-e-type=\"column\">\n\t\t\t<div class=\"elementor-widget-wrap elementor-element-populated\">\n\t\t\t\t\t\t<div class=\"elementor-element elementor-element-60b44cb0 elementor-widget elementor-widget-heading\" data-id=\"60b44cb0\" data-element_type=\"widget\" data-e-type=\"widget\" data-widget_type=\"heading.default\">\n\t\t\t\t<div class=\"elementor-widget-container\">\n\t\t\t\t\t<h1 class=\"elementor-heading-title elementor-size-default\"> <span style=\"color: #0142AA\">Productivity<\/span> Tracker App<\/h1>\t\t\t\t<\/div>\n\t\t\t\t<\/div>\n\t\t\t\t<div class=\"elementor-element elementor-element-5e5da1d4 elementor-widget elementor-widget-text-editor\" data-id=\"5e5da1d4\" data-element_type=\"widget\" data-e-type=\"widget\" data-widget_type=\"text-editor.default\">\n\t\t\t\t<div class=\"elementor-widget-container\">\n\t\t\t\t\t\t\t\t\t<p>timeBuzzer hilft dir, produktiver zu werden, indem er die Zeiterfassung m\u00fchelos macht.<br \/>Optionale Hardware motiviert dich zur Zeiterfassung und hilft dir dabei, es auch tats\u00e4chlich zu tun!<\/p>\t\t\t\t\t\t\t\t<\/div>\n\t\t\t\t<\/div>\n\t\t\t\t\t<\/div>\n\t\t<\/div>\n\t\t\t\t\t<\/div>\n\t\t<\/section>\n\t\t\t\t<section class=\"elementor-section elementor-top-section elementor-element elementor-element-497f0bad elementor-section-boxed elementor-section-height-default elementor-section-height-default\" data-id=\"497f0bad\" data-element_type=\"section\" data-e-type=\"section\">\n\t\t\t\t\t\t<div class=\"elementor-container elementor-column-gap-default\">\n\t\t\t\t\t<div class=\"elementor-column elementor-col-100 elementor-top-column elementor-element elementor-element-179a182c\" data-id=\"179a182c\" data-element_type=\"column\" data-e-type=\"column\">\n\t\t\t<div class=\"elementor-widget-wrap elementor-element-populated\">\n\t\t\t\t\t\t<section class=\"elementor-section elementor-inner-section elementor-element elementor-element-4eb22694 elementor-section-boxed elementor-section-height-default elementor-section-height-default\" data-id=\"4eb22694\" data-element_type=\"section\" data-e-type=\"section\">\n\t\t\t\t\t\t<div class=\"elementor-container elementor-column-gap-default\">\n\t\t\t\t\t<div class=\"elementor-column elementor-col-100 elementor-inner-column elementor-element elementor-element-42cd75c6\" data-id=\"42cd75c6\" data-element_type=\"column\" data-e-type=\"column\">\n\t\t\t<div class=\"elementor-widget-wrap elementor-element-populated\">\n\t\t\t\t\t\t<div class=\"elementor-element elementor-element-77c8e5ab elementor-align-center elementor-widget__width-auto elementor-widget elementor-widget-button\" data-id=\"77c8e5ab\" data-element_type=\"widget\" data-e-type=\"widget\" data-widget_type=\"button.default\">\n\t\t\t\t<div class=\"elementor-widget-container\">\n\t\t\t\t\t\t\t\t\t<div class=\"elementor-button-wrapper\">\n\t\t\t\t\t<a class=\"elementor-button elementor-button-link elementor-size-md\" href=\"https:\/\/timebuzzer.com\/pricing\">\n\t\t\t\t\t\t<span class=\"elementor-button-content-wrapper\">\n\t\t\t\t\t\t<span class=\"elementor-button-icon\">\n\t\t\t\t<i aria-hidden=\"true\" class=\"fas fa-shopping-cart\"><\/i>\t\t\t<\/span>\n\t\t\t\t\t\t\t\t\t<span class=\"elementor-button-text\">Buy now<\/span>\n\t\t\t\t\t<\/span>\n\t\t\t\t\t<\/a>\n\t\t\t\t<\/div>\n\t\t\t\t\t\t\t\t<\/div>\n\t\t\t\t<\/div>\n\t\t\t\t<div class=\"elementor-element elementor-element-65f466ff elementor-align-center elementor-widget__width-auto elementor-hidden-desktop elementor-hidden-tablet elementor-hidden-phone elementor-widget elementor-widget-button\" data-id=\"65f466ff\" data-element_type=\"widget\" data-e-type=\"widget\" data-widget_type=\"button.default\">\n\t\t\t\t<div class=\"elementor-widget-container\">\n\t\t\t\t\t\t\t\t\t<div class=\"elementor-button-wrapper\">\n\t\t\t\t\t<a class=\"elementor-button elementor-button-link elementor-size-md\" href=\"https:\/\/timebuzzer.com\/download\/timeBuzzer.dmg\">\n\t\t\t\t\t\t<span class=\"elementor-button-content-wrapper\">\n\t\t\t\t\t\t<span class=\"elementor-button-icon\">\n\t\t\t\t<i aria-hidden=\"true\" class=\"fab fa-apple\"><\/i>\t\t\t<\/span>\n\t\t\t\t\t\t\t\t\t<span class=\"elementor-button-text\">Download Desktop App for Mac<\/span>\n\t\t\t\t\t<\/span>\n\t\t\t\t\t<\/a>\n\t\t\t\t<\/div>\n\t\t\t\t\t\t\t\t<\/div>\n\t\t\t\t<\/div>\n\t\t\t\t\t<\/div>\n\t\t<\/div>\n\t\t\t\t\t<\/div>\n\t\t<\/section>\n\t\t\t\t<div class=\"elementor-element elementor-element-77fee101 elementor-widget elementor-widget-image\" data-id=\"77fee101\" data-element_type=\"widget\" data-e-type=\"widget\" data-widget_type=\"image.default\">\n\t\t\t\t<div class=\"elementor-widget-container\">\n\t\t\t\t\t\t\t\t\t\t\t\t\t\t\t<img fetchpriority=\"high\" decoding=\"async\" width=\"800\" height=\"559\" src=\"https:\/\/timebuzzer.com\/wp-content\/uploads\/timeBuzzer-1024x716.png\" class=\"attachment-large size-large wp-image-27234\" alt=\"timeBuzzer time tracking\" srcset=\"https:\/\/timebuzzer.com\/wp-content\/uploads\/timeBuzzer-1024x716.png 1024w, https:\/\/timebuzzer.com\/wp-content\/uploads\/timeBuzzer-300x210.png 300w, https:\/\/timebuzzer.com\/wp-content\/uploads\/timeBuzzer-768x537.png 768w, https:\/\/timebuzzer.com\/wp-content\/uploads\/timeBuzzer.png 1479w\" sizes=\"(max-width: 800px) 100vw, 800px\" \/>\t\t\t\t\t\t\t\t\t\t\t\t\t\t\t<\/div>\n\t\t\t\t<\/div>\n\t\t\t\t<div class=\"elementor-element elementor-element-5fc5d82 elementor-widget elementor-widget-text-editor\" data-id=\"5fc5d82\" data-element_type=\"widget\" data-e-type=\"widget\" data-widget_type=\"text-editor.default\">\n\t\t\t\t<div class=\"elementor-widget-container\">\n\t\t\t\t\t\t\t\t\t<p>NEW: timeBuzzer Desktop 3.0 (Beta) -&gt; <a href=\"https:\/\/timebuzzer.com\/beta\/\">Learn more<\/a><\/p>\t\t\t\t\t\t\t\t<\/div>\n\t\t\t\t<\/div>\n\t\t\t\t\t<\/div>\n\t\t<\/div>\n\t\t\t\t\t<\/div>\n\t\t<\/section>\n\t\t\t\t<section class=\"elementor-section elementor-top-section elementor-element elementor-element-e739453 elementor-section-boxed elementor-section-height-default elementor-section-height-default\" data-id=\"e739453\" data-element_type=\"section\" data-e-type=\"section\">\n\t\t\t\t\t\t<div class=\"elementor-container elementor-column-gap-default\">\n\t\t\t\t\t<div class=\"elementor-column elementor-col-100 elementor-top-column elementor-element elementor-element-e069315\" data-id=\"e069315\" data-element_type=\"column\" data-e-type=\"column\">\n\t\t\t<div class=\"elementor-widget-wrap elementor-element-populated\">\n\t\t\t\t\t\t<div class=\"elementor-element elementor-element-2222f64 elementor-widget elementor-widget-heading\" data-id=\"2222f64\" data-element_type=\"widget\" data-e-type=\"widget\" data-widget_type=\"heading.default\">\n\t\t\t\t<div class=\"elementor-widget-container\">\n\t\t\t\t\t<h2 class=\"elementor-heading-title elementor-size-default\">Was ist timeBuzzer?<\/h2>\t\t\t\t<\/div>\n\t\t\t\t<\/div>\n\t\t\t\t<div class=\"elementor-element elementor-element-b5a8b0e elementor-widget elementor-widget-text-editor\" data-id=\"b5a8b0e\" data-element_type=\"widget\" data-e-type=\"widget\" data-widget_type=\"text-editor.default\">\n\t\t\t\t<div class=\"elementor-widget-container\">\n\t\t\t\t\t\t\t\t\t<p>timeBuzzer ist eine Productivity App zur Zeiterfassung, die mit einem Hardware Buzzer am Schreibtisch bedient werden kann. Durch den spielerischen Erfassungsprozess macht Zeiterfassung endlich Spa\u00df und sorgt daf\u00fcr, dass du es auch wirklich machst. Erhalte Daten, auf die du dich wirklich verlassen kannst, rechne einfacher ab und steigere die Profitabilit\u00e4t.<\/p>\t\t\t\t\t\t\t\t<\/div>\n\t\t\t\t<\/div>\n\t\t\t\t<div class=\"elementor-element elementor-element-201d9f6 elementor-widget elementor-widget-heading\" data-id=\"201d9f6\" data-element_type=\"widget\" data-e-type=\"widget\" data-widget_type=\"heading.default\">\n\t\t\t\t<div class=\"elementor-widget-container\">\n\t\t\t\t\t<h2 class=\"elementor-heading-title elementor-size-default\">Wie kann man die Produktivit\u00e4t mit timeBuzzer tracken?<\/h2>\t\t\t\t<\/div>\n\t\t\t\t<\/div>\n\t\t\t\t<div class=\"elementor-element elementor-element-fae186d elementor-widget elementor-widget-text-editor\" data-id=\"fae186d\" data-element_type=\"widget\" data-e-type=\"widget\" data-widget_type=\"text-editor.default\">\n\t\t\t\t<div class=\"elementor-widget-container\">\n\t\t\t\t\t\t\t\t\t<p>Schritt 1<\/p><p><strong>timeBuzzer Paket bestellen<\/strong><\/p><p><a href=\"https:\/\/timebuzzer.com\/de\/preise\/\">Jetzt bestellen<\/a><\/p>\t\t\t\t\t\t\t\t<\/div>\n\t\t\t\t<\/div>\n\t\t\t\t<div class=\"elementor-element elementor-element-384109c elementor-widget elementor-widget-text-editor\" data-id=\"384109c\" data-element_type=\"widget\" data-e-type=\"widget\" data-widget_type=\"text-editor.default\">\n\t\t\t\t<div class=\"elementor-widget-container\">\n\t\t\t\t\t\t\t\t\t<p>Schritt 2<\/p><p><strong>Erstelle dir einen timeBuzzer Account<\/strong><\/p><p>Der Link zur Registrierung liegt im timeBuzzer Paket bei.<\/p>\t\t\t\t\t\t\t\t<\/div>\n\t\t\t\t<\/div>\n\t\t\t\t<div class=\"elementor-element elementor-element-96e340a elementor-widget elementor-widget-text-editor\" data-id=\"96e340a\" data-element_type=\"widget\" data-e-type=\"widget\" data-widget_type=\"text-editor.default\">\n\t\t\t\t<div class=\"elementor-widget-container\">\n\t\t\t\t\t\t\t\t\t<p>Schritt 3<\/p><p><strong>Lade dir die Desktop Productivity App herunter<\/strong><\/p><p>timeBuzzer Account Einstellungen &gt; Desktop Apps &gt; Download <strong>&#8222;Desktop Tracker App&#8220;<\/strong><\/p>\t\t\t\t\t\t\t\t<\/div>\n\t\t\t\t<\/div>\n\t\t\t\t<div class=\"elementor-element elementor-element-6d66a38 elementor-widget elementor-widget-text-editor\" data-id=\"6d66a38\" data-element_type=\"widget\" data-e-type=\"widget\" data-widget_type=\"text-editor.default\">\n\t\t\t\t<div class=\"elementor-widget-container\">\n\t\t\t\t\t\t\t\t\t<p>Schritt 4<\/p><p><strong>Installiere die Anwendung auf deinem Mac<\/strong><\/p>\t\t\t\t\t\t\t\t<\/div>\n\t\t\t\t<\/div>\n\t\t\t\t<div class=\"elementor-element elementor-element-d257e45 elementor-widget elementor-widget-text-editor\" data-id=\"d257e45\" data-element_type=\"widget\" data-e-type=\"widget\" data-widget_type=\"text-editor.default\">\n\t\t\t\t<div class=\"elementor-widget-container\">\n\t\t\t\t\t\t\t\t\t<p>Schritt 5<\/p><p><strong>\u00d6ffne die App<\/strong><\/p><p>Ber\u00fchre den Hardware Buzzer, um die App zu \u00f6ffnen. (Dieser ist mit einem N\u00e4herungssensor ausgestattet)<\/p><p>Du hast noch keinen Buzzer? <a href=\"https:\/\/timebuzzer.com\/de\/preise\/\">Bestelle dir jetzt ein timeBuzzer Paket<\/a><\/p><p>Alternativ kannst du die App mit der Maus im Tray Men\u00fc (rechts unten) \u00f6ffnen.<\/p>\t\t\t\t\t\t\t\t<\/div>\n\t\t\t\t<\/div>\n\t\t\t\t<div class=\"elementor-element elementor-element-5d67bdc elementor-widget elementor-widget-image\" data-id=\"5d67bdc\" data-element_type=\"widget\" data-e-type=\"widget\" data-widget_type=\"image.default\">\n\t\t\t\t<div class=\"elementor-widget-container\">\n\t\t\t\t\t\t\t\t\t\t\t\t\t\t\t<img decoding=\"async\" width=\"800\" height=\"800\" src=\"https:\/\/timebuzzer.com\/wp-content\/uploads\/PRESS_timeBuzzer_buzzer_hand-1024x1024.png\" class=\"attachment-large size-large wp-image-2463\" alt=\"\" srcset=\"https:\/\/timebuzzer.com\/wp-content\/uploads\/PRESS_timeBuzzer_buzzer_hand-1024x1024.png 1024w, https:\/\/timebuzzer.com\/wp-content\/uploads\/PRESS_timeBuzzer_buzzer_hand-150x150.png 150w, https:\/\/timebuzzer.com\/wp-content\/uploads\/PRESS_timeBuzzer_buzzer_hand-300x300.png 300w, https:\/\/timebuzzer.com\/wp-content\/uploads\/PRESS_timeBuzzer_buzzer_hand-768x768.png 768w, https:\/\/timebuzzer.com\/wp-content\/uploads\/PRESS_timeBuzzer_buzzer_hand-800x800.png 800w, https:\/\/timebuzzer.com\/wp-content\/uploads\/PRESS_timeBuzzer_buzzer_hand.png 1469w\" sizes=\"(max-width: 800px) 100vw, 800px\" \/>\t\t\t\t\t\t\t\t\t\t\t\t\t\t\t<\/div>\n\t\t\t\t<\/div>\n\t\t\t\t<div class=\"elementor-element elementor-element-d86c70a elementor-widget elementor-widget-text-editor\" data-id=\"d86c70a\" data-element_type=\"widget\" data-e-type=\"widget\" data-widget_type=\"text-editor.default\">\n\t\t\t\t<div class=\"elementor-widget-container\">\n\t\t\t\t\t\t\t\t\t<p>Schritt 6<\/p><p><strong>W\u00e4hle dein Projekt aus und starte den Timer<\/strong><\/p><p>Drehe den Buzzer, um durch deine &#8222;Tiles&#8220; (Kacheln) zu navigieren. Dr\u00fccke ihn, um das jeweilige Tile auszuw\u00e4hlen und in die n\u00e4chste untergeordnete Ebene zu springen bzw. um die Zeit darauf zu starten.<\/p><p>Anschlie\u00dfend verschwindet die Desktop komplett automatisch im Hintergrund. So kannst du direkt weiterarbeiten ohne nervige Fenster schlie\u00dfen zu m\u00fcssen.<\/p>\t\t\t\t\t\t\t\t<\/div>\n\t\t\t\t<\/div>\n\t\t\t\t<div class=\"elementor-element elementor-element-df173cb elementor-widget elementor-widget-video\" data-id=\"df173cb\" data-element_type=\"widget\" data-e-type=\"widget\" data-settings=\"{&quot;youtube_url&quot;:&quot;https:\\\/\\\/www.youtube.com\\\/watch?v=o8cCrCbEVqs&quot;,&quot;yt_privacy&quot;:&quot;yes&quot;,&quot;show_image_overlay&quot;:&quot;yes&quot;,&quot;image_overlay&quot;:{&quot;url&quot;:&quot;https:\\\/\\\/timebuzzer.com\\\/wp-content\\\/uploads\\\/timeBuzzer-time-tracking-app-hardware-device-gadget-thumbnail.png&quot;,&quot;id&quot;:14787,&quot;size&quot;:&quot;&quot;},&quot;lazy_load&quot;:&quot;yes&quot;,&quot;video_type&quot;:&quot;youtube&quot;,&quot;controls&quot;:&quot;yes&quot;}\" data-widget_type=\"video.default\">\n\t\t\t\t<div class=\"elementor-widget-container\">\n\t\t\t\t\t\t\t<div class=\"elementor-wrapper elementor-open-inline\">\n\t\t\t<div class=\"elementor-video\"><\/div>\t\t\t\t<div class='cs_manage_elementor_placeholder disabled'><div><p>Akzeptieren Sie die Einwilligung zum Anzeigen dieser<\/p><\/div><div><a class='cs_manage_current_consent' data-cs-script-type='219' data-cs-manage='manage_placeholder'>Klicken Sie hier, um zuzulassen. Eingebettete Videos<\/a><\/div><\/div><div class=\"elementor-custom-embed-image-overlay\" style=\"background-image: url(https:\/\/timebuzzer.com\/wp-content\/uploads\/timeBuzzer-time-tracking-app-hardware-device-gadget-thumbnail.png);\">\n\t\t\t\t\t\t\t\t\t\t\t\t\t\t\t\t<div class=\"elementor-custom-embed-play\" role=\"button\" aria-label=\"Video abspielen\" tabindex=\"0\">\n\t\t\t\t\t\t\t<i aria-hidden=\"true\" class=\"eicon-play\"><\/i>\t\t\t\t\t\t<\/div>\n\t\t\t\t\t\t\t\t\t<\/div>\n\t\t\t\t\t<\/div>\n\t\t\t\t\t\t<\/div>\n\t\t\t\t<\/div>\n\t\t\t\t<div class=\"elementor-element elementor-element-f5b551e elementor-widget elementor-widget-text-editor\" data-id=\"f5b551e\" data-element_type=\"widget\" data-e-type=\"widget\" data-widget_type=\"text-editor.default\">\n\t\t\t\t<div class=\"elementor-widget-container\">\n\t\t\t\t\t\t\t\t\t<p>Schritt 7<\/p><p><strong>Stoppe den Timer<\/strong><\/p><p>Bist du fertig mit deiner Aufgabe? Dr\u00fccke den Buzzer, um die Zeit zu stoppen. <br \/>Alternativ \u00f6ffne das Tray Menu per Mausklick und dr\u00fccke mit der Pfeiltaste &#8222;nach unten&#8220;.<\/p><p>Optional: F\u00fcge eine Notiz hinzu.<\/p><p>Best\u00e4tige, um die Zeit inkl. Notiz abzuspeichern.<\/p>\t\t\t\t\t\t\t\t<\/div>\n\t\t\t\t<\/div>\n\t\t\t\t<div class=\"elementor-element elementor-element-18c4706 elementor-widget elementor-widget-text-editor\" data-id=\"18c4706\" data-element_type=\"widget\" data-e-type=\"widget\" data-widget_type=\"text-editor.default\">\n\t\t\t\t<div class=\"elementor-widget-container\">\n\t\t\t\t\t\t\t\t\t<p>Schritt 8<\/p><p><strong>Benutze die Web App<\/strong><\/p><p>Alle Zeiteintr\u00e4ge werden in deiner pers\u00f6nlichen timeBuzzer Account gespeichert.<\/p><p>Dort kannst du deine Zeiten auswerten und als Berichte exportieren.<\/p><p>Zudem kannst du Zeiteintr\u00e4ge korrigieren oder manuell hinzuf\u00fcgen<\/p>\t\t\t\t\t\t\t\t<\/div>\n\t\t\t\t<\/div>\n\t\t\t\t<div class=\"elementor-element elementor-element-9baec0e elementor-widget elementor-widget-image\" data-id=\"9baec0e\" data-element_type=\"widget\" data-e-type=\"widget\" data-widget_type=\"image.default\">\n\t\t\t\t<div class=\"elementor-widget-container\">\n\t\t\t\t\t\t\t\t\t\t\t\t\t\t\t<img decoding=\"async\" width=\"800\" height=\"494\" src=\"https:\/\/timebuzzer.com\/wp-content\/uploads\/timeBuzzer-online-based-time-tracking-webapp-1024x632.png\" class=\"attachment-large size-large wp-image-27251\" alt=\"Track time online with timebuzzer web app\" srcset=\"https:\/\/timebuzzer.com\/wp-content\/uploads\/timeBuzzer-online-based-time-tracking-webapp-1024x632.png 1024w, https:\/\/timebuzzer.com\/wp-content\/uploads\/timeBuzzer-online-based-time-tracking-webapp-300x185.png 300w, https:\/\/timebuzzer.com\/wp-content\/uploads\/timeBuzzer-online-based-time-tracking-webapp-768x474.png 768w, https:\/\/timebuzzer.com\/wp-content\/uploads\/timeBuzzer-online-based-time-tracking-webapp.png 1530w\" sizes=\"(max-width: 800px) 100vw, 800px\" \/>\t\t\t\t\t\t\t\t\t\t\t\t\t\t\t<\/div>\n\t\t\t\t<\/div>\n\t\t\t\t<div class=\"elementor-element elementor-element-81f22c6 elementor-widget elementor-widget-image\" data-id=\"81f22c6\" data-element_type=\"widget\" data-e-type=\"widget\" data-widget_type=\"image.default\">\n\t\t\t\t<div class=\"elementor-widget-container\">\n\t\t\t\t\t\t\t\t\t\t\t\t\t\t\t<img loading=\"lazy\" decoding=\"async\" width=\"800\" height=\"445\" src=\"https:\/\/timebuzzer.com\/wp-content\/uploads\/timeBuzzer-Cloud-1024x569.jpg\" class=\"attachment-large size-large wp-image-9314\" alt=\"timeBuzzer cloud - mockup\" srcset=\"https:\/\/timebuzzer.com\/wp-content\/uploads\/timeBuzzer-Cloud-1024x569.jpg 1024w, https:\/\/timebuzzer.com\/wp-content\/uploads\/timeBuzzer-Cloud-300x167.jpg 300w, https:\/\/timebuzzer.com\/wp-content\/uploads\/timeBuzzer-Cloud-768x427.jpg 768w, https:\/\/timebuzzer.com\/wp-content\/uploads\/timeBuzzer-Cloud-1536x853.jpg 1536w, https:\/\/timebuzzer.com\/wp-content\/uploads\/timeBuzzer-Cloud-2048x1138.jpg 2048w, https:\/\/timebuzzer.com\/wp-content\/uploads\/timeBuzzer-Cloud-800x444.jpg 800w\" sizes=\"(max-width: 800px) 100vw, 800px\" \/>\t\t\t\t\t\t\t\t\t\t\t\t\t\t\t<\/div>\n\t\t\t\t<\/div>\n\t\t\t\t\t<\/div>\n\t\t<\/div>\n\t\t\t\t\t<\/div>\n\t\t<\/section>\n\t\t\t\t<section class=\"elementor-section elementor-top-section elementor-element elementor-element-2b496ea elementor-section-boxed elementor-section-height-default elementor-section-height-default\" data-id=\"2b496ea\" data-element_type=\"section\" data-e-type=\"section\">\n\t\t\t\t\t\t<div class=\"elementor-container elementor-column-gap-default\">\n\t\t\t\t\t<div class=\"elementor-column elementor-col-100 elementor-top-column elementor-element elementor-element-7f4cda3\" data-id=\"7f4cda3\" data-element_type=\"column\" data-e-type=\"column\">\n\t\t\t<div class=\"elementor-widget-wrap elementor-element-populated\">\n\t\t\t\t\t\t<div class=\"elementor-element elementor-element-d387d50 elementor-widget elementor-widget-template\" data-id=\"d387d50\" data-element_type=\"widget\" data-e-type=\"widget\" data-widget_type=\"template.default\">\n\t\t\t\t<div class=\"elementor-widget-container\">\n\t\t\t\t\t\t\t<div class=\"elementor-template\">\n\t\t\t\t\t<div data-elementor-type=\"section\" data-elementor-id=\"16472\" class=\"elementor elementor-16472\" data-elementor-post-type=\"elementor_library\">\n\t\t\t\t\t<section class=\"elementor-section elementor-top-section elementor-element elementor-element-c1796a8 elementor-section-stretched elementor-section-boxed elementor-section-height-default elementor-section-height-default\" data-id=\"c1796a8\" data-element_type=\"section\" data-e-type=\"section\" data-settings=\"{&quot;stretch_section&quot;:&quot;section-stretched&quot;,&quot;background_background&quot;:&quot;classic&quot;}\">\n\t\t\t\t\t\t<div class=\"elementor-container elementor-column-gap-default\">\n\t\t\t\t\t<div class=\"elementor-column elementor-col-100 elementor-top-column elementor-element elementor-element-07d0690\" data-id=\"07d0690\" data-element_type=\"column\" data-e-type=\"column\">\n\t\t\t<div class=\"elementor-widget-wrap elementor-element-populated\">\n\t\t\t\t\t\t<div class=\"elementor-element elementor-element-e86265c elementor-widget elementor-widget-text-editor\" data-id=\"e86265c\" data-element_type=\"widget\" data-e-type=\"widget\" data-widget_type=\"text-editor.default\">\n\t\t\t\t<div class=\"elementor-widget-container\">\n\t\t\t\t\t\t\t\t\t<h2 style=\"font-size: 40px;\">Start tracking time now<\/h2><p>Try now for free \u2013 no credit card required.<\/p>\t\t\t\t\t\t\t\t<\/div>\n\t\t\t\t<\/div>\n\t\t\t\t<div class=\"elementor-element elementor-element-2965191 elementor-widget__width-auto elementor-widget elementor-widget-text-editor\" data-id=\"2965191\" data-element_type=\"widget\" data-e-type=\"widget\" data-widget_type=\"text-editor.default\">\n\t\t\t\t<div class=\"elementor-widget-container\">\n\t\t\t\t\t\t\t\t\t<p><span class=\"heroBtnWrap toLeft\"><br \/><span class=\"text-center\"><br \/><a class=\"itlHeroBtn\" href=\"https:\/\/timebuzzer.com\/get-started\/\">Get started now<\/a><br \/><\/span><br \/><\/span><\/p>\t\t\t\t\t\t\t\t<\/div>\n\t\t\t\t<\/div>\n\t\t\t\t<div class=\"elementor-element elementor-element-8468a16 elementor-widget elementor-widget-text-editor\" data-id=\"8468a16\" data-element_type=\"widget\" data-e-type=\"widget\" data-widget_type=\"text-editor.default\">\n\t\t\t\t<div class=\"elementor-widget-container\">\n\t\t\t\t\t\t\t\t\t<p>Any questions? <a href=\"https:\/\/timebuzzer.com\/contact\/\">Contact sales<\/a><\/p>\t\t\t\t\t\t\t\t<\/div>\n\t\t\t\t<\/div>\n\t\t\t\t\t<\/div>\n\t\t<\/div>\n\t\t\t\t\t<\/div>\n\t\t<\/section>\n\t\t\t\t<\/div>\n\t\t\t\t<\/div>\n\t\t\t\t\t\t<\/div>\n\t\t\t\t<\/div>\n\t\t\t\t\t<\/div>\n\t\t<\/div>\n\t\t\t\t\t<\/div>\n\t\t<\/section>\n\t\t\t\t<\/div>\n\t\t","protected":false},"excerpt":{"rendered":"<p>Productivity Tracker App timeBuzzer hilft dir, produktiver zu werden, indem er die Zeiterfassung m\u00fchelos macht.Optionale Hardware motiviert dich zur Zeiterfassung und hilft dir dabei, es auch tats\u00e4chlich zu tun! Buy now Download Desktop App for Mac NEW: timeBuzzer Desktop 3.0 (Beta) -&gt; Learn more Was ist timeBuzzer? timeBuzzer ist eine Productivity App zur Zeiterfassung, die [&hellip;]<\/p>\n","protected":false},"author":8,"featured_media":0,"parent":0,"menu_order":0,"comment_status":"closed","ping_status":"closed","template":"elementor_header_footer","meta":{"_acf_changed":false,"footnotes":""},"class_list":["post-27266","page","type-page","status-publish","hentry"],"acf":[],"_links":{"self":[{"href":"https:\/\/timebuzzer.com\/de\/wp-json\/wp\/v2\/pages\/27266","targetHints":{"allow":["GET"]}}],"collection":[{"href":"https:\/\/timebuzzer.com\/de\/wp-json\/wp\/v2\/pages"}],"about":[{"href":"https:\/\/timebuzzer.com\/de\/wp-json\/wp\/v2\/types\/page"}],"author":[{"embeddable":true,"href":"https:\/\/timebuzzer.com\/de\/wp-json\/wp\/v2\/users\/8"}],"replies":[{"embeddable":true,"href":"https:\/\/timebuzzer.com\/de\/wp-json\/wp\/v2\/comments?post=27266"}],"version-history":[{"count":0,"href":"https:\/\/timebuzzer.com\/de\/wp-json\/wp\/v2\/pages\/27266\/revisions"}],"wp:attachment":[{"href":"https:\/\/timebuzzer.com\/de\/wp-json\/wp\/v2\/media?parent=27266"}],"curies":[{"name":"wp","href":"https:\/\/api.w.org\/{rel}","templated":true}]}}