{"id":34520,"date":"2023-04-19T15:39:01","date_gmt":"2023-04-19T13:39:01","guid":{"rendered":"https:\/\/timebuzzer.com\/?page_id=34520"},"modified":"2025-09-30T11:00:37","modified_gmt":"2025-09-30T09:00:37","slug":"apphelp-add-notes","status":"publish","type":"page","link":"https:\/\/timebuzzer.com\/de\/apphelp\/apphelp-add-notes\/","title":{"rendered":"Apphelp: Notizen hinzuf\u00fcgen"},"content":{"rendered":"\t\t<div data-elementor-type=\"wp-page\" data-elementor-id=\"34520\" class=\"elementor elementor-34520 elementor-34350\" data-elementor-post-type=\"page\">\n\t\t\t\t<div class=\"elementor-element elementor-element-5d3eb99 e-flex e-con-boxed e-con e-parent\" data-id=\"5d3eb99\" data-element_type=\"container\" data-e-type=\"container\">\n\t\t\t\t\t<div class=\"e-con-inner\">\n\t\t\t\t<div class=\"elementor-element elementor-element-dd66e1a elementor-widget elementor-widget-image\" data-id=\"dd66e1a\" data-element_type=\"widget\" data-e-type=\"widget\" data-widget_type=\"image.default\">\n\t\t\t\t<div class=\"elementor-widget-container\">\n\t\t\t\t\t\t\t\t\t\t\t\t\t\t\t<img fetchpriority=\"high\" decoding=\"async\" width=\"1800\" height=\"700\" src=\"https:\/\/timebuzzer.com\/wp-content\/uploads\/help-center-app-help01_de-1.png\" class=\"attachment-2048x2048 size-2048x2048 wp-image-35010\" alt=\"\" srcset=\"https:\/\/timebuzzer.com\/wp-content\/uploads\/help-center-app-help01_de-1.png 1800w, https:\/\/timebuzzer.com\/wp-content\/uploads\/help-center-app-help01_de-1-300x117.png 300w, https:\/\/timebuzzer.com\/wp-content\/uploads\/help-center-app-help01_de-1-1024x398.png 1024w, https:\/\/timebuzzer.com\/wp-content\/uploads\/help-center-app-help01_de-1-768x299.png 768w, https:\/\/timebuzzer.com\/wp-content\/uploads\/help-center-app-help01_de-1-1536x597.png 1536w\" sizes=\"(max-width: 1800px) 100vw, 1800px\" \/>\t\t\t\t\t\t\t\t\t\t\t\t\t\t\t<\/div>\n\t\t\t\t<\/div>\n\t\t<div class=\"elementor-element elementor-element-5e5a2fb e-con-full e-flex e-con e-child\" data-id=\"5e5a2fb\" data-element_type=\"container\" data-e-type=\"container\">\n\t\t<div class=\"elementor-element elementor-element-8e91041 e-con-full e-flex e-con e-child\" data-id=\"8e91041\" data-element_type=\"container\" data-e-type=\"container\">\n\t\t\t\t<div class=\"elementor-element elementor-element-449ea72 elementor-widget__width-auto elementor-widget elementor-widget-button\" data-id=\"449ea72\" data-element_type=\"widget\" data-e-type=\"widget\" data-widget_type=\"button.default\">\n\t\t\t\t<div class=\"elementor-widget-container\">\n\t\t\t\t\t\t\t\t\t<div class=\"elementor-button-wrapper\">\n\t\t\t\t\t<a class=\"elementor-button elementor-button-link elementor-size-sm\" href=\"https:\/\/timebuzzer.com\/de\/apphelp\/\">\n\t\t\t\t\t\t<span class=\"elementor-button-content-wrapper\">\n\t\t\t\t\t\t\t\t\t<span class=\"elementor-button-text\">&lt;<\/span>\n\t\t\t\t\t<\/span>\n\t\t\t\t\t<\/a>\n\t\t\t\t<\/div>\n\t\t\t\t\t\t\t\t<\/div>\n\t\t\t\t<\/div>\n\t\t\t\t<\/div>\n\t\t<div class=\"elementor-element elementor-element-ae83f4c e-con-full e-flex e-con e-child\" data-id=\"ae83f4c\" data-element_type=\"container\" data-e-type=\"container\">\n\t\t\t\t<div class=\"elementor-element elementor-element-46247f5 elementor-widget elementor-widget-text-editor\" data-id=\"46247f5\" data-element_type=\"widget\" data-e-type=\"widget\" data-widget_type=\"text-editor.default\">\n\t\t\t\t<div class=\"elementor-widget-container\">\n\t\t\t\t\t\t\t\t\t<h4>F\u00fcge Notizen hinzu, damit du dich erinnerst<\/h4><p>Du kannst Notizen zu deinen Zeiteintr\u00e4gen hinzuf\u00fcgen, damit du dich erinnerst woran du gearbeitet hast \u2013 auch noch Wochen und Monate sp\u00e4ter.<\/p>\t\t\t\t\t\t\t\t<\/div>\n\t\t\t\t<\/div>\n\t\t\t\t<\/div>\n\t\t<div class=\"elementor-element elementor-element-2f45af8 e-con-full e-flex e-con e-child\" data-id=\"2f45af8\" data-element_type=\"container\" data-e-type=\"container\">\n\t\t\t\t<div class=\"elementor-element elementor-element-d56bc37 elementor-align-right elementor-widget__width-auto elementor-widget elementor-widget-button\" data-id=\"d56bc37\" data-element_type=\"widget\" data-e-type=\"widget\" data-widget_type=\"button.default\">\n\t\t\t\t<div class=\"elementor-widget-container\">\n\t\t\t\t\t\t\t\t\t<div class=\"elementor-button-wrapper\">\n\t\t\t\t\t<a class=\"elementor-button elementor-button-link elementor-size-sm\" href=\"https:\/\/timebuzzer.com\/de\/apphelp\/apphelp-apphelp-mark-favorites\/\">\n\t\t\t\t\t\t<span class=\"elementor-button-content-wrapper\">\n\t\t\t\t\t\t\t\t\t<span class=\"elementor-button-text\">&gt;<\/span>\n\t\t\t\t\t<\/span>\n\t\t\t\t\t<\/a>\n\t\t\t\t<\/div>\n\t\t\t\t\t\t\t\t<\/div>\n\t\t\t\t<\/div>\n\t\t\t\t<\/div>\n\t\t\t\t<\/div>\n\t\t<div class=\"elementor-element elementor-element-e0023ed e-con-full e-flex e-con e-child\" data-id=\"e0023ed\" data-element_type=\"container\" data-e-type=\"container\">\n\t\t\t\t<div class=\"elementor-element elementor-element-4421507 elementor-align-center elementor-widget__width-auto elementor-hidden-desktop elementor-hidden-tablet elementor-hidden-mobile elementor-widget elementor-widget-button\" data-id=\"4421507\" data-element_type=\"widget\" data-e-type=\"widget\" data-widget_type=\"button.default\">\n\t\t\t\t<div class=\"elementor-widget-container\">\n\t\t\t\t\t\t\t\t\t<div class=\"elementor-button-wrapper\">\n\t\t\t\t\t<a class=\"elementor-button elementor-button-link elementor-size-sm\" href=\"https:\/\/timebuzzer.com\/de\/apphelp\/\">\n\t\t\t\t\t\t<span class=\"elementor-button-content-wrapper\">\n\t\t\t\t\t\t<span class=\"elementor-button-icon\">\n\t\t\t\t<i aria-hidden=\"true\" class=\"fas fa-home\"><\/i>\t\t\t<\/span>\n\t\t\t\t\t\t\t\t<\/span>\n\t\t\t\t\t<\/a>\n\t\t\t\t<\/div>\n\t\t\t\t\t\t\t\t<\/div>\n\t\t\t\t<\/div>\n\t\t\t\t<div class=\"elementor-element elementor-element-b9e9f5c elementor-widget elementor-widget-heading\" data-id=\"b9e9f5c\" data-element_type=\"widget\" data-e-type=\"widget\" data-widget_type=\"heading.default\">\n\t\t\t\t<div class=\"elementor-widget-container\">\n\t\t\t\t\t<p class=\"elementor-heading-title elementor-size-default\">1 von 7<\/p>\t\t\t\t<\/div>\n\t\t\t\t<\/div>\n\t\t\t\t<\/div>\n\t\t\t\t\t<\/div>\n\t\t\t\t<\/div>\n\t\t\t\t<\/div>\n\t\t","protected":false},"excerpt":{"rendered":"<p>&lt; F\u00fcge Notizen hinzu, damit du dich erinnerst Du kannst Notizen zu deinen Zeiteintr\u00e4gen hinzuf\u00fcgen, damit du dich erinnerst woran du gearbeitet hast \u2013 auch noch Wochen und Monate sp\u00e4ter. &gt; 1 von 7<\/p>\n","protected":false},"author":8,"featured_media":0,"parent":34506,"menu_order":0,"comment_status":"closed","ping_status":"closed","template":"","meta":{"_acf_changed":false,"footnotes":""},"class_list":["post-34520","page","type-page","status-publish","hentry"],"acf":[],"_links":{"self":[{"href":"https:\/\/timebuzzer.com\/de\/wp-json\/wp\/v2\/pages\/34520","targetHints":{"allow":["GET"]}}],"collection":[{"href":"https:\/\/timebuzzer.com\/de\/wp-json\/wp\/v2\/pages"}],"about":[{"href":"https:\/\/timebuzzer.com\/de\/wp-json\/wp\/v2\/types\/page"}],"author":[{"embeddable":true,"href":"https:\/\/timebuzzer.com\/de\/wp-json\/wp\/v2\/users\/8"}],"replies":[{"embeddable":true,"href":"https:\/\/timebuzzer.com\/de\/wp-json\/wp\/v2\/comments?post=34520"}],"version-history":[{"count":3,"href":"https:\/\/timebuzzer.com\/de\/wp-json\/wp\/v2\/pages\/34520\/revisions"}],"predecessor-version":[{"id":53752,"href":"https:\/\/timebuzzer.com\/de\/wp-json\/wp\/v2\/pages\/34520\/revisions\/53752"}],"up":[{"embeddable":true,"href":"https:\/\/timebuzzer.com\/de\/wp-json\/wp\/v2\/pages\/34506"}],"wp:attachment":[{"href":"https:\/\/timebuzzer.com\/de\/wp-json\/wp\/v2\/media?parent=34520"}],"curies":[{"name":"wp","href":"https:\/\/api.w.org\/{rel}","templated":true}]}}