{"id":34552,"date":"2023-04-19T17:40:04","date_gmt":"2023-04-19T15:40:04","guid":{"rendered":"https:\/\/timebuzzer.com\/?page_id=34552"},"modified":"2025-09-30T11:02:31","modified_gmt":"2025-09-30T09:02:31","slug":"apphelp-edit-timeline","status":"publish","type":"page","link":"https:\/\/timebuzzer.com\/de\/apphelp\/apphelp-edit-timeline\/","title":{"rendered":"Apphelp: Zeitleiste bearbeiten"},"content":{"rendered":"\t\t<div data-elementor-type=\"wp-page\" data-elementor-id=\"34552\" class=\"elementor elementor-34552 elementor-34379\" data-elementor-post-type=\"page\">\n\t\t\t\t<div class=\"elementor-element elementor-element-291ddfd e-flex e-con-boxed e-con e-parent\" data-id=\"291ddfd\" data-element_type=\"container\" data-e-type=\"container\">\n\t\t\t\t\t<div class=\"e-con-inner\">\n\t\t\t\t<div class=\"elementor-element elementor-element-a0f4fc6 elementor-widget elementor-widget-image\" data-id=\"a0f4fc6\" data-element_type=\"widget\" data-e-type=\"widget\" data-widget_type=\"image.default\">\n\t\t\t\t<div class=\"elementor-widget-container\">\n\t\t\t\t\t\t\t\t\t\t\t\t\t\t\t<img fetchpriority=\"high\" decoding=\"async\" width=\"1800\" height=\"700\" src=\"https:\/\/timebuzzer.com\/wp-content\/uploads\/help-center-app-help03_de-1.png\" class=\"attachment-2048x2048 size-2048x2048 wp-image-35020\" alt=\"\" srcset=\"https:\/\/timebuzzer.com\/wp-content\/uploads\/help-center-app-help03_de-1.png 1800w, https:\/\/timebuzzer.com\/wp-content\/uploads\/help-center-app-help03_de-1-300x117.png 300w, https:\/\/timebuzzer.com\/wp-content\/uploads\/help-center-app-help03_de-1-1024x398.png 1024w, https:\/\/timebuzzer.com\/wp-content\/uploads\/help-center-app-help03_de-1-768x299.png 768w, https:\/\/timebuzzer.com\/wp-content\/uploads\/help-center-app-help03_de-1-1536x597.png 1536w\" sizes=\"(max-width: 1800px) 100vw, 1800px\" \/>\t\t\t\t\t\t\t\t\t\t\t\t\t\t\t<\/div>\n\t\t\t\t<\/div>\n\t\t<div class=\"elementor-element elementor-element-c843ee8 e-con-full e-flex e-con e-child\" data-id=\"c843ee8\" data-element_type=\"container\" data-e-type=\"container\">\n\t\t<div class=\"elementor-element elementor-element-5655f87 e-con-full e-flex e-con e-child\" data-id=\"5655f87\" data-element_type=\"container\" data-e-type=\"container\">\n\t\t\t\t<div class=\"elementor-element elementor-element-16d1037 elementor-widget__width-auto elementor-widget elementor-widget-button\" data-id=\"16d1037\" data-element_type=\"widget\" data-e-type=\"widget\" data-widget_type=\"button.default\">\n\t\t\t\t<div class=\"elementor-widget-container\">\n\t\t\t\t\t\t\t\t\t<div class=\"elementor-button-wrapper\">\n\t\t\t\t\t<a class=\"elementor-button elementor-button-link elementor-size-sm\" href=\"https:\/\/timebuzzer.com\/de\/apphelp\/apphelp-apphelp-mark-favorites\/\">\n\t\t\t\t\t\t<span class=\"elementor-button-content-wrapper\">\n\t\t\t\t\t\t\t\t\t<span class=\"elementor-button-text\">&lt;<\/span>\n\t\t\t\t\t<\/span>\n\t\t\t\t\t<\/a>\n\t\t\t\t<\/div>\n\t\t\t\t\t\t\t\t<\/div>\n\t\t\t\t<\/div>\n\t\t\t\t<\/div>\n\t\t<div class=\"elementor-element elementor-element-9497a14 e-con-full e-flex e-con e-child\" data-id=\"9497a14\" data-element_type=\"container\" data-e-type=\"container\">\n\t\t\t\t<div class=\"elementor-element elementor-element-de99385 elementor-widget elementor-widget-text-editor\" data-id=\"de99385\" data-element_type=\"widget\" data-e-type=\"widget\" data-widget_type=\"text-editor.default\">\n\t\t\t\t<div class=\"elementor-widget-container\">\n\t\t\t\t\t\t\t\t\t<h4>Bearbeite deine Zeiten in deiner Zeitleiste<\/h4><p>In deiner Zeitleiste siehst du alle Zeiteintr\u00e4ge. Klicke zum Bearbeiten, ziehe zum Verschieben oder ziehe mit gedr\u00fcckter Maustaste, um neue Eintr\u00e4ge zu erstellen.<\/p>\t\t\t\t\t\t\t\t<\/div>\n\t\t\t\t<\/div>\n\t\t\t\t<\/div>\n\t\t<div class=\"elementor-element elementor-element-4ea8720 e-con-full e-flex e-con e-child\" data-id=\"4ea8720\" data-element_type=\"container\" data-e-type=\"container\">\n\t\t\t\t<div class=\"elementor-element elementor-element-91e07b7 elementor-align-right elementor-widget__width-auto elementor-widget elementor-widget-button\" data-id=\"91e07b7\" data-element_type=\"widget\" data-e-type=\"widget\" data-widget_type=\"button.default\">\n\t\t\t\t<div class=\"elementor-widget-container\">\n\t\t\t\t\t\t\t\t\t<div class=\"elementor-button-wrapper\">\n\t\t\t\t\t<a class=\"elementor-button elementor-button-link elementor-size-sm\" href=\"https:\/\/timebuzzer.com\/de\/apphelp\/apphelp-add-tiles\/\">\n\t\t\t\t\t\t<span class=\"elementor-button-content-wrapper\">\n\t\t\t\t\t\t\t\t\t<span class=\"elementor-button-text\">&gt;<\/span>\n\t\t\t\t\t<\/span>\n\t\t\t\t\t<\/a>\n\t\t\t\t<\/div>\n\t\t\t\t\t\t\t\t<\/div>\n\t\t\t\t<\/div>\n\t\t\t\t<\/div>\n\t\t\t\t<\/div>\n\t\t<div class=\"elementor-element elementor-element-49bd010 e-con-full e-flex e-con e-child\" data-id=\"49bd010\" data-element_type=\"container\" data-e-type=\"container\">\n\t\t\t\t<div class=\"elementor-element elementor-element-acfc1bd elementor-align-center elementor-widget__width-auto elementor-hidden-desktop elementor-hidden-tablet elementor-hidden-mobile elementor-widget elementor-widget-button\" data-id=\"acfc1bd\" data-element_type=\"widget\" data-e-type=\"widget\" data-widget_type=\"button.default\">\n\t\t\t\t<div class=\"elementor-widget-container\">\n\t\t\t\t\t\t\t\t\t<div class=\"elementor-button-wrapper\">\n\t\t\t\t\t<a class=\"elementor-button elementor-button-link elementor-size-sm\" href=\"https:\/\/timebuzzer.com\/de\/apphelp\/\">\n\t\t\t\t\t\t<span class=\"elementor-button-content-wrapper\">\n\t\t\t\t\t\t<span class=\"elementor-button-icon\">\n\t\t\t\t<i aria-hidden=\"true\" class=\"fas fa-home\"><\/i>\t\t\t<\/span>\n\t\t\t\t\t\t\t\t<\/span>\n\t\t\t\t\t<\/a>\n\t\t\t\t<\/div>\n\t\t\t\t\t\t\t\t<\/div>\n\t\t\t\t<\/div>\n\t\t\t\t<div class=\"elementor-element elementor-element-efed961 elementor-widget elementor-widget-heading\" data-id=\"efed961\" data-element_type=\"widget\" data-e-type=\"widget\" data-widget_type=\"heading.default\">\n\t\t\t\t<div class=\"elementor-widget-container\">\n\t\t\t\t\t<p class=\"elementor-heading-title elementor-size-default\">3 von 7<\/p>\t\t\t\t<\/div>\n\t\t\t\t<\/div>\n\t\t\t\t<\/div>\n\t\t\t\t\t<\/div>\n\t\t\t\t<\/div>\n\t\t\t\t<\/div>\n\t\t","protected":false},"excerpt":{"rendered":"<p>&lt; Bearbeite deine Zeiten in deiner Zeitleiste In deiner Zeitleiste siehst du alle Zeiteintr\u00e4ge. Klicke zum Bearbeiten, ziehe zum Verschieben oder ziehe mit gedr\u00fcckter Maustaste, um neue Eintr\u00e4ge zu erstellen. &gt; 3 von 7<\/p>\n","protected":false},"author":8,"featured_media":0,"parent":34506,"menu_order":0,"comment_status":"closed","ping_status":"closed","template":"","meta":{"_acf_changed":false,"footnotes":""},"class_list":["post-34552","page","type-page","status-publish","hentry"],"acf":[],"_links":{"self":[{"href":"https:\/\/timebuzzer.com\/de\/wp-json\/wp\/v2\/pages\/34552","targetHints":{"allow":["GET"]}}],"collection":[{"href":"https:\/\/timebuzzer.com\/de\/wp-json\/wp\/v2\/pages"}],"about":[{"href":"https:\/\/timebuzzer.com\/de\/wp-json\/wp\/v2\/types\/page"}],"author":[{"embeddable":true,"href":"https:\/\/timebuzzer.com\/de\/wp-json\/wp\/v2\/users\/8"}],"replies":[{"embeddable":true,"href":"https:\/\/timebuzzer.com\/de\/wp-json\/wp\/v2\/comments?post=34552"}],"version-history":[{"count":3,"href":"https:\/\/timebuzzer.com\/de\/wp-json\/wp\/v2\/pages\/34552\/revisions"}],"predecessor-version":[{"id":53761,"href":"https:\/\/timebuzzer.com\/de\/wp-json\/wp\/v2\/pages\/34552\/revisions\/53761"}],"up":[{"embeddable":true,"href":"https:\/\/timebuzzer.com\/de\/wp-json\/wp\/v2\/pages\/34506"}],"wp:attachment":[{"href":"https:\/\/timebuzzer.com\/de\/wp-json\/wp\/v2\/media?parent=34552"}],"curies":[{"name":"wp","href":"https:\/\/api.w.org\/{rel}","templated":true}]}}