{"id":34602,"date":"2023-04-19T18:30:56","date_gmt":"2023-04-19T16:30:56","guid":{"rendered":"https:\/\/timebuzzer.com\/?page_id=34602"},"modified":"2025-09-30T11:03:13","modified_gmt":"2025-09-30T09:03:13","slug":"buzzerhelp-open-app","status":"publish","type":"page","link":"https:\/\/timebuzzer.com\/de\/apphelp\/buzzerhelp-open-app\/","title":{"rendered":"Buzzerhelp: App \u00f6ffnen"},"content":{"rendered":"\t\t<div data-elementor-type=\"wp-page\" data-elementor-id=\"34602\" class=\"elementor elementor-34602 elementor-34123\" data-elementor-post-type=\"page\">\n\t\t\t\t<div class=\"elementor-element elementor-element-05ed752 e-flex e-con-boxed e-con e-parent\" data-id=\"05ed752\" data-element_type=\"container\" data-e-type=\"container\">\n\t\t\t\t\t<div class=\"e-con-inner\">\n\t\t\t\t<div class=\"elementor-element elementor-element-a0dec82 elementor-widget elementor-widget-image\" data-id=\"a0dec82\" data-element_type=\"widget\" data-e-type=\"widget\" data-widget_type=\"image.default\">\n\t\t\t\t<div class=\"elementor-widget-container\">\n\t\t\t\t\t\t\t\t\t\t\t\t\t\t\t<img fetchpriority=\"high\" decoding=\"async\" width=\"1800\" height=\"700\" src=\"https:\/\/timebuzzer.com\/wp-content\/uploads\/appHelp-touch-tap-buzzer-1.png\" class=\"attachment-2048x2048 size-2048x2048 wp-image-48659\" alt=\"\" srcset=\"https:\/\/timebuzzer.com\/wp-content\/uploads\/appHelp-touch-tap-buzzer-1.png 1800w, https:\/\/timebuzzer.com\/wp-content\/uploads\/appHelp-touch-tap-buzzer-1-300x117.png 300w, https:\/\/timebuzzer.com\/wp-content\/uploads\/appHelp-touch-tap-buzzer-1-1024x398.png 1024w, https:\/\/timebuzzer.com\/wp-content\/uploads\/appHelp-touch-tap-buzzer-1-768x299.png 768w, https:\/\/timebuzzer.com\/wp-content\/uploads\/appHelp-touch-tap-buzzer-1-1536x597.png 1536w, https:\/\/timebuzzer.com\/wp-content\/uploads\/appHelp-touch-tap-buzzer-1-360x140.png 360w\" sizes=\"(max-width: 1800px) 100vw, 1800px\" \/>\t\t\t\t\t\t\t\t\t\t\t\t\t\t\t<\/div>\n\t\t\t\t<\/div>\n\t\t<div class=\"elementor-element elementor-element-d85ef4f e-con-full e-flex e-con e-child\" data-id=\"d85ef4f\" data-element_type=\"container\" data-e-type=\"container\">\n\t\t<div class=\"elementor-element elementor-element-cf24d56 e-con-full e-flex e-con e-child\" data-id=\"cf24d56\" data-element_type=\"container\" data-e-type=\"container\">\n\t\t\t\t<div class=\"elementor-element elementor-element-f7bfe8a elementor-widget__width-auto elementor-widget elementor-widget-button\" data-id=\"f7bfe8a\" data-element_type=\"widget\" data-e-type=\"widget\" data-widget_type=\"button.default\">\n\t\t\t\t<div class=\"elementor-widget-container\">\n\t\t\t\t\t\t\t\t\t<div class=\"elementor-button-wrapper\">\n\t\t\t\t\t<a class=\"elementor-button elementor-button-link elementor-size-sm\" href=\"https:\/\/timebuzzer.com\/de\/apphelp\/\">\n\t\t\t\t\t\t<span class=\"elementor-button-content-wrapper\">\n\t\t\t\t\t\t\t\t\t<span class=\"elementor-button-text\">&lt;<\/span>\n\t\t\t\t\t<\/span>\n\t\t\t\t\t<\/a>\n\t\t\t\t<\/div>\n\t\t\t\t\t\t\t\t<\/div>\n\t\t\t\t<\/div>\n\t\t\t\t<\/div>\n\t\t<div class=\"elementor-element elementor-element-2a53030 e-con-full e-flex e-con e-child\" data-id=\"2a53030\" data-element_type=\"container\" data-e-type=\"container\">\n\t\t\t\t<div class=\"elementor-element elementor-element-df09272 elementor-widget elementor-widget-text-editor\" data-id=\"df09272\" data-element_type=\"widget\" data-e-type=\"widget\" data-widget_type=\"text-editor.default\">\n\t\t\t\t<div class=\"elementor-widget-container\">\n\t\t\t\t\t\t\t\t\t<h4>Eine Ber\u00fchrung zum \u00d6ffnen und Minimieren<\/h4><p>Ber\u00fchre deinen Buzzer, um die App sofort zu \u00f6ffnen \u2013 ohne langes Suchen nach dem richtigen Fenster und Tab. Tippe erneut, um sie wieder zu minimieren.<\/p>\t\t\t\t\t\t\t\t<\/div>\n\t\t\t\t<\/div>\n\t\t\t\t<\/div>\n\t\t<div class=\"elementor-element elementor-element-fc28d41 e-con-full e-flex e-con e-child\" data-id=\"fc28d41\" data-element_type=\"container\" data-e-type=\"container\">\n\t\t\t\t<div class=\"elementor-element elementor-element-84323ae elementor-align-right elementor-widget__width-auto elementor-widget elementor-widget-button\" data-id=\"84323ae\" data-element_type=\"widget\" data-e-type=\"widget\" data-widget_type=\"button.default\">\n\t\t\t\t<div class=\"elementor-widget-container\">\n\t\t\t\t\t\t\t\t\t<div class=\"elementor-button-wrapper\">\n\t\t\t\t\t<a class=\"elementor-button elementor-button-link elementor-size-sm\" href=\"https:\/\/timebuzzer.com\/de\/apphelp\/buzzerhelp-rotate\/\">\n\t\t\t\t\t\t<span class=\"elementor-button-content-wrapper\">\n\t\t\t\t\t\t\t\t\t<span class=\"elementor-button-text\">&gt;<\/span>\n\t\t\t\t\t<\/span>\n\t\t\t\t\t<\/a>\n\t\t\t\t<\/div>\n\t\t\t\t\t\t\t\t<\/div>\n\t\t\t\t<\/div>\n\t\t\t\t<\/div>\n\t\t\t\t<\/div>\n\t\t<div class=\"elementor-element elementor-element-06ae057 e-con-full e-flex e-con e-child\" data-id=\"06ae057\" data-element_type=\"container\" data-e-type=\"container\">\n\t\t\t\t<div class=\"elementor-element elementor-element-5b7a4ad elementor-align-center elementor-widget__width-auto elementor-hidden-desktop elementor-hidden-tablet elementor-hidden-mobile elementor-widget elementor-widget-button\" data-id=\"5b7a4ad\" data-element_type=\"widget\" data-e-type=\"widget\" data-widget_type=\"button.default\">\n\t\t\t\t<div class=\"elementor-widget-container\">\n\t\t\t\t\t\t\t\t\t<div class=\"elementor-button-wrapper\">\n\t\t\t\t\t<a class=\"elementor-button elementor-button-link elementor-size-sm\" href=\"https:\/\/timebuzzer.com\/de\/apphelp\/\">\n\t\t\t\t\t\t<span class=\"elementor-button-content-wrapper\">\n\t\t\t\t\t\t<span class=\"elementor-button-icon\">\n\t\t\t\t<i aria-hidden=\"true\" class=\"fas fa-home\"><\/i>\t\t\t<\/span>\n\t\t\t\t\t\t\t\t<\/span>\n\t\t\t\t\t<\/a>\n\t\t\t\t<\/div>\n\t\t\t\t\t\t\t\t<\/div>\n\t\t\t\t<\/div>\n\t\t\t\t<div class=\"elementor-element elementor-element-082828a elementor-widget elementor-widget-heading\" data-id=\"082828a\" data-element_type=\"widget\" data-e-type=\"widget\" data-widget_type=\"heading.default\">\n\t\t\t\t<div class=\"elementor-widget-container\">\n\t\t\t\t\t<p class=\"elementor-heading-title elementor-size-default\">1 von 5<\/p>\t\t\t\t<\/div>\n\t\t\t\t<\/div>\n\t\t\t\t<\/div>\n\t\t\t\t\t<\/div>\n\t\t\t\t<\/div>\n\t\t\t\t<\/div>\n\t\t","protected":false},"excerpt":{"rendered":"<p>&lt; Eine Ber\u00fchrung zum \u00d6ffnen und Minimieren Ber\u00fchre deinen Buzzer, um die App sofort zu \u00f6ffnen \u2013 ohne langes Suchen nach dem richtigen Fenster und Tab. Tippe erneut, um sie wieder zu minimieren. &gt; 1 von 5<\/p>\n","protected":false},"author":8,"featured_media":0,"parent":34506,"menu_order":0,"comment_status":"closed","ping_status":"closed","template":"","meta":{"_acf_changed":false,"footnotes":""},"class_list":["post-34602","page","type-page","status-publish","hentry"],"acf":[],"_links":{"self":[{"href":"https:\/\/timebuzzer.com\/de\/wp-json\/wp\/v2\/pages\/34602","targetHints":{"allow":["GET"]}}],"collection":[{"href":"https:\/\/timebuzzer.com\/de\/wp-json\/wp\/v2\/pages"}],"about":[{"href":"https:\/\/timebuzzer.com\/de\/wp-json\/wp\/v2\/types\/page"}],"author":[{"embeddable":true,"href":"https:\/\/timebuzzer.com\/de\/wp-json\/wp\/v2\/users\/8"}],"replies":[{"embeddable":true,"href":"https:\/\/timebuzzer.com\/de\/wp-json\/wp\/v2\/comments?post=34602"}],"version-history":[{"count":3,"href":"https:\/\/timebuzzer.com\/de\/wp-json\/wp\/v2\/pages\/34602\/revisions"}],"predecessor-version":[{"id":53764,"href":"https:\/\/timebuzzer.com\/de\/wp-json\/wp\/v2\/pages\/34602\/revisions\/53764"}],"up":[{"embeddable":true,"href":"https:\/\/timebuzzer.com\/de\/wp-json\/wp\/v2\/pages\/34506"}],"wp:attachment":[{"href":"https:\/\/timebuzzer.com\/de\/wp-json\/wp\/v2\/media?parent=34602"}],"curies":[{"name":"wp","href":"https:\/\/api.w.org\/{rel}","templated":true}]}}