{"id":34608,"date":"2023-04-19T18:32:17","date_gmt":"2023-04-19T16:32:17","guid":{"rendered":"https:\/\/timebuzzer.com\/?page_id=34608"},"modified":"2025-09-30T11:05:22","modified_gmt":"2025-09-30T09:05:22","slug":"buzzerhelp-hold","status":"publish","type":"page","link":"https:\/\/timebuzzer.com\/de\/apphelp\/buzzerhelp-hold\/","title":{"rendered":"Buzzerhelp: Korrigieren"},"content":{"rendered":"\t\t<div data-elementor-type=\"wp-page\" data-elementor-id=\"34608\" class=\"elementor elementor-34608 elementor-34226\" data-elementor-post-type=\"page\">\n\t\t\t\t<div class=\"elementor-element elementor-element-a4064c1 e-flex e-con-boxed e-con e-parent\" data-id=\"a4064c1\" data-element_type=\"container\" data-e-type=\"container\">\n\t\t\t\t\t<div class=\"e-con-inner\">\n\t\t\t\t<div class=\"elementor-element elementor-element-7d77ee0 elementor-widget elementor-widget-image\" data-id=\"7d77ee0\" data-element_type=\"widget\" data-e-type=\"widget\" data-widget_type=\"image.default\">\n\t\t\t\t<div class=\"elementor-widget-container\">\n\t\t\t\t\t\t\t\t\t\t\t\t\t\t\t<img fetchpriority=\"high\" decoding=\"async\" width=\"1800\" height=\"700\" src=\"https:\/\/timebuzzer.com\/wp-content\/uploads\/appHelp-press-and-hold.png\" class=\"attachment-2048x2048 size-2048x2048 wp-image-48740\" alt=\"\" srcset=\"https:\/\/timebuzzer.com\/wp-content\/uploads\/appHelp-press-and-hold.png 1800w, https:\/\/timebuzzer.com\/wp-content\/uploads\/appHelp-press-and-hold-300x117.png 300w, https:\/\/timebuzzer.com\/wp-content\/uploads\/appHelp-press-and-hold-1024x398.png 1024w, https:\/\/timebuzzer.com\/wp-content\/uploads\/appHelp-press-and-hold-768x299.png 768w, https:\/\/timebuzzer.com\/wp-content\/uploads\/appHelp-press-and-hold-1536x597.png 1536w, https:\/\/timebuzzer.com\/wp-content\/uploads\/appHelp-press-and-hold-360x140.png 360w\" sizes=\"(max-width: 1800px) 100vw, 1800px\" \/>\t\t\t\t\t\t\t\t\t\t\t\t\t\t\t<\/div>\n\t\t\t\t<\/div>\n\t\t<div class=\"elementor-element elementor-element-6d63116 e-con-full e-flex e-con e-child\" data-id=\"6d63116\" data-element_type=\"container\" data-e-type=\"container\">\n\t\t<div class=\"elementor-element elementor-element-5898969 e-con-full e-flex e-con e-child\" data-id=\"5898969\" data-element_type=\"container\" data-e-type=\"container\">\n\t\t\t\t<div class=\"elementor-element elementor-element-dee8679 elementor-widget__width-auto elementor-widget elementor-widget-button\" data-id=\"dee8679\" data-element_type=\"widget\" data-e-type=\"widget\" data-widget_type=\"button.default\">\n\t\t\t\t<div class=\"elementor-widget-container\">\n\t\t\t\t\t\t\t\t\t<div class=\"elementor-button-wrapper\">\n\t\t\t\t\t<a class=\"elementor-button elementor-button-link elementor-size-sm\" href=\"https:\/\/timebuzzer.com\/de\/apphelp\/buzzerhelp-led\/\">\n\t\t\t\t\t\t<span class=\"elementor-button-content-wrapper\">\n\t\t\t\t\t\t\t\t\t<span class=\"elementor-button-text\">&lt;<\/span>\n\t\t\t\t\t<\/span>\n\t\t\t\t\t<\/a>\n\t\t\t\t<\/div>\n\t\t\t\t\t\t\t\t<\/div>\n\t\t\t\t<\/div>\n\t\t\t\t<\/div>\n\t\t<div class=\"elementor-element elementor-element-b37bd4f e-con-full e-flex e-con e-child\" data-id=\"b37bd4f\" data-element_type=\"container\" data-e-type=\"container\">\n\t\t\t\t<div class=\"elementor-element elementor-element-2a48b21 elementor-widget elementor-widget-text-editor\" data-id=\"2a48b21\" data-element_type=\"widget\" data-e-type=\"widget\" data-widget_type=\"text-editor.default\">\n\t\t\t\t<div class=\"elementor-widget-container\">\n\t\t\t\t\t\t\t\t\t<h4>Zum Korrigieren gedr\u00fcckt halten<\/h4><p>Wenn du die falsche Kachel ausgew\u00e4hlt hast, halte den Buzzer kurz gedr\u00fcckt, bis er einmal aufleuchtet \u2013 so kannst du die Auswahl r\u00fcckg\u00e4ngig machen und \u00e4ndern.<\/p>\t\t\t\t\t\t\t\t<\/div>\n\t\t\t\t<\/div>\n\t\t\t\t<\/div>\n\t\t<div class=\"elementor-element elementor-element-eaea70e e-con-full e-flex e-con e-child\" data-id=\"eaea70e\" data-element_type=\"container\" data-e-type=\"container\">\n\t\t\t\t<div class=\"elementor-element elementor-element-a87f660 elementor-align-right elementor-widget__width-auto elementor-widget elementor-widget-button\" data-id=\"a87f660\" data-element_type=\"widget\" data-e-type=\"widget\" data-widget_type=\"button.default\">\n\t\t\t\t<div class=\"elementor-widget-container\">\n\t\t\t\t\t\t\t\t\t<div class=\"elementor-button-wrapper\">\n\t\t\t\t\t<a class=\"elementor-button elementor-button-link elementor-size-sm\" href=\"https:\/\/timebuzzer.com\/de\/apphelp\/\">\n\t\t\t\t\t\t<span class=\"elementor-button-content-wrapper\">\n\t\t\t\t\t\t\t\t\t<span class=\"elementor-button-text\">&gt;<\/span>\n\t\t\t\t\t<\/span>\n\t\t\t\t\t<\/a>\n\t\t\t\t<\/div>\n\t\t\t\t\t\t\t\t<\/div>\n\t\t\t\t<\/div>\n\t\t\t\t<\/div>\n\t\t\t\t<\/div>\n\t\t<div class=\"elementor-element elementor-element-ba45266 e-con-full e-flex e-con e-child\" data-id=\"ba45266\" data-element_type=\"container\" data-e-type=\"container\">\n\t\t\t\t<div class=\"elementor-element elementor-element-b8df315 elementor-align-center elementor-widget__width-auto elementor-hidden-desktop elementor-hidden-tablet elementor-hidden-mobile elementor-widget elementor-widget-button\" data-id=\"b8df315\" data-element_type=\"widget\" data-e-type=\"widget\" data-widget_type=\"button.default\">\n\t\t\t\t<div class=\"elementor-widget-container\">\n\t\t\t\t\t\t\t\t\t<div class=\"elementor-button-wrapper\">\n\t\t\t\t\t<a class=\"elementor-button elementor-button-link elementor-size-sm\" href=\"https:\/\/timebuzzer.com\/de\/apphelp\/\">\n\t\t\t\t\t\t<span class=\"elementor-button-content-wrapper\">\n\t\t\t\t\t\t<span class=\"elementor-button-icon\">\n\t\t\t\t<i aria-hidden=\"true\" class=\"fas fa-home\"><\/i>\t\t\t<\/span>\n\t\t\t\t\t\t\t\t<\/span>\n\t\t\t\t\t<\/a>\n\t\t\t\t<\/div>\n\t\t\t\t\t\t\t\t<\/div>\n\t\t\t\t<\/div>\n\t\t\t\t<div class=\"elementor-element elementor-element-1354c82 elementor-widget elementor-widget-heading\" data-id=\"1354c82\" data-element_type=\"widget\" data-e-type=\"widget\" data-widget_type=\"heading.default\">\n\t\t\t\t<div class=\"elementor-widget-container\">\n\t\t\t\t\t<p class=\"elementor-heading-title elementor-size-default\">5 von 5<\/p>\t\t\t\t<\/div>\n\t\t\t\t<\/div>\n\t\t\t\t<\/div>\n\t\t\t\t\t<\/div>\n\t\t\t\t<\/div>\n\t\t\t\t<\/div>\n\t\t","protected":false},"excerpt":{"rendered":"<p>&lt; Zum Korrigieren gedr\u00fcckt halten Wenn du die falsche Kachel ausgew\u00e4hlt hast, halte den Buzzer kurz gedr\u00fcckt, bis er einmal aufleuchtet \u2013 so kannst du die Auswahl r\u00fcckg\u00e4ngig machen und \u00e4ndern. &gt; 5 von 5<\/p>\n","protected":false},"author":8,"featured_media":0,"parent":34506,"menu_order":0,"comment_status":"closed","ping_status":"closed","template":"","meta":{"_acf_changed":false,"footnotes":""},"class_list":["post-34608","page","type-page","status-publish","hentry"],"acf":[],"_links":{"self":[{"href":"https:\/\/timebuzzer.com\/de\/wp-json\/wp\/v2\/pages\/34608","targetHints":{"allow":["GET"]}}],"collection":[{"href":"https:\/\/timebuzzer.com\/de\/wp-json\/wp\/v2\/pages"}],"about":[{"href":"https:\/\/timebuzzer.com\/de\/wp-json\/wp\/v2\/types\/page"}],"author":[{"embeddable":true,"href":"https:\/\/timebuzzer.com\/de\/wp-json\/wp\/v2\/users\/8"}],"replies":[{"embeddable":true,"href":"https:\/\/timebuzzer.com\/de\/wp-json\/wp\/v2\/comments?post=34608"}],"version-history":[{"count":3,"href":"https:\/\/timebuzzer.com\/de\/wp-json\/wp\/v2\/pages\/34608\/revisions"}],"predecessor-version":[{"id":53773,"href":"https:\/\/timebuzzer.com\/de\/wp-json\/wp\/v2\/pages\/34608\/revisions\/53773"}],"up":[{"embeddable":true,"href":"https:\/\/timebuzzer.com\/de\/wp-json\/wp\/v2\/pages\/34506"}],"wp:attachment":[{"href":"https:\/\/timebuzzer.com\/de\/wp-json\/wp\/v2\/media?parent=34608"}],"curies":[{"name":"wp","href":"https:\/\/api.w.org\/{rel}","templated":true}]}}